{"id":2389,"date":"2020-09-28T14:15:35","date_gmt":"2020-09-28T12:15:35","guid":{"rendered":"https:\/\/landgutgirtenmuehle.de\/?page_id=2389"},"modified":"2026-04-21T09:03:39","modified_gmt":"2026-04-21T07:03:39","slug":"lggm-news","status":"publish","type":"page","link":"https:\/\/landgutgirtenmuehle.de\/nl\/lggm-news\/","title":{"rendered":"LGGM NEWS"},"content":{"rendered":"<div class=\"wpb-content-wrapper\"><p>[vc_row full_width=&#8221;stretch_row_content_no_spaces&#8221; hide_bg_image_on_tablet=&#8221;&#8221; hide_bg_image_on_mobile=&#8221;&#8221;][vc_column icons_position=&#8221;left&#8221;][vc_row_inner hide_bg_image_on_tablet=&#8221;&#8221; hide_bg_image_on_mobile=&#8221;&#8221; css=&#8221;.vc_custom_1524649777768{background-size: cover !important;}&#8221;][vc_column_inner hide_bg_image_on_tablet=&#8221;&#8221; hide_bg_image_on_mobile=&#8221;&#8221; icons_position=&#8221;left&#8221;][\/vc_column_inner][rev_slider_vc alias=&#8221;LGGM-NEWS&#8221;][vc_column_inner icons_position=&#8221;left&#8221;][vc_empty_space height=&#8221;1rem&#8221; alter_height=&#8221;none&#8221; hide_on_desktop=&#8221;&#8221; hide_on_notebook=&#8221;&#8221; hide_on_tablet=&#8221;&#8221; hide_on_mobile=&#8221;&#8221;][\/vc_column_inner][\/vc_row_inner][vc_column_inner icons_position=&#8221;left&#8221;][\/vc_column_inner][vc_row_inner hide_bg_image_on_tablet=&#8221;&#8221; hide_bg_image_on_mobile=&#8221;&#8221; shape_divider_top_front=&#8221;&#8221; shape_divider_bottom_front=&#8221;&#8221; row_delimiter=&#8221;&#8221; el_class=&#8221;z-index-1&#8243;][vc_column_inner width=&#8221;1\/3&#8243; fix_column=&#8221;&#8221; hide_bg_image_on_tablet=&#8221;&#8221; hide_bg_image_on_mobile=&#8221;&#8221; icons_position=&#8221;left&#8221; css=&#8221;.vc_custom_1601285544809{margin-top: -3rem !important;background-image: url(https:\/\/landgutgirtenmuehle.de\/wp-content\/uploads\/2019\/10\/bg-band-home-3.png?id=1228) !important;background-position: top center !important;background-repeat: no-repeat !important;background-size: cover !important;}&#8221; offset=&#8221;vc_hidden-sm vc_hidden-xs&#8221;][vc_empty_space height=&#8221;3vw&#8221; alter_height=&#8221;none&#8221; hide_on_desktop=&#8221;&#8221; hide_on_notebook=&#8221;&#8221; hide_on_tablet=&#8221;&#8221; hide_on_mobile=&#8221;&#8221;][vc_single_image image=&#8221;2292&#8243; img_size=&#8221;full&#8221; alignment=&#8221;center&#8221;][\/vc_column_inner][vc_column_inner width=&#8221;1\/3&#8243; icons_position=&#8221;left&#8221;][vc_empty_space height=&#8221;5rem&#8221; alter_height=&#8221;none&#8221; hide_on_desktop=&#8221;&#8221; hide_on_notebook=&#8221;&#8221; hide_on_tablet=&#8221;&#8221; hide_on_mobile=&#8221;&#8221;][vc_column_text]<\/p>\n<p style=\"text-align: center;\"><strong><span style=\"font-size: 36pt;\">EXTRA! EXTRA!<\/span><\/strong><br \/>\n<span style=\"font-size: 24pt;\">Read all about it<\/span><\/p>\n<p><span style=\"font-size: 18pt;\"><em>Bij LGGM NEWS kunt u terecht voor het laatste nieuws over huidige projecten en ontwikkelingen.<\/em><\/span><\/p>\n<p><span style=\"font-size: 18pt;\">Reis terug in de tijd en neem een kijkje in het archief van de LGGM NEWSPAPER, bekijk de filmpjes op ons YouTube kanaal en lees wat interessante artikelen in lokale kranten over het project!<\/span>[\/vc_column_text][\/vc_column_inner][vc_column_inner width=&#8221;1\/3&#8243; icons_position=&#8221;left&#8221;][\/vc_column_inner][\/vc_row_inner][vc_row_inner][vc_column_inner icons_position=&#8221;left&#8221;][vc_empty_space height=&#8221;3rem&#8221; alter_height=&#8221;none&#8221; hide_on_desktop=&#8221;&#8221; hide_on_notebook=&#8221;&#8221; hide_on_tablet=&#8221;&#8221; hide_on_mobile=&#8221;&#8221;][vc_tta_accordion c_align=&#8221;center&#8221; c_icon=&#8221;&#8221; active_section=&#8221;1&#8243; collapsible_all=&#8221;true&#8221;][vc_tta_section i_type=&#8221;linecons&#8221; i_icon_linecons=&#8221;vc_li vc_li-news&#8221; add_icon=&#8221;true&#8221; title=&#8221;Lokale Kranten&#8221; tab_id=&#8221;1601275500927-17b2bbb9-7b6d&#8221;][\/vc_tta_section][vc_tta_section i_type=&#8221;linecons&#8221; i_icon_linecons=&#8221;vc_li vc_li-news&#8221; add_icon=&#8221;true&#8221; title=&#8221;LGGM NEWSPAPER archief&#8221; tab_id=&#8221;1601275500967-8045f5bb-09da&#8221;][vc_images_carousel images=&#8221;2298,2301,2304,2307,2310,2313&#8243; img_size=&#8221;large&#8221; speed=&#8221;2000&#8243; partial_view=&#8221;yes&#8221; css_animation=&#8221;none&#8221; el_id=&#8221;Old LGGM NEWSPAPER&#8221;][\/vc_tta_section][\/vc_tta_accordion][vc_column_text]<\/p>\n<p style=\"text-align: center;\"><span style=\"font-size: 24pt;\"><strong><br \/>\nBekijk onze filmpjes op YouTube!<\/strong><\/span><br \/>\n<span style=\"font-size: 14pt;\">Klik op ons logo om naar ons kanaal te gaan en aboneer even \ud83d\ude42<\/span><\/p>\n<p>[\/vc_column_text][vc_video link=&#8221;https:\/\/www.youtube.com\/watch?v=Zcy3CcRshcE&amp;t=5s&amp;ab_channel=LGGMNEWS&#8221; el_width=&#8221;40&#8243; align=&#8221;center&#8221;][vc_empty_space height=&#8221;3rem&#8221; alter_height=&#8221;none&#8221; hide_on_desktop=&#8221;&#8221; hide_on_notebook=&#8221;&#8221; hide_on_tablet=&#8221;&#8221; hide_on_mobile=&#8221;&#8221;][\/vc_column_inner][\/vc_row_inner][\/vc_column][\/vc_row][vc_row][vc_column icons_position=&#8221;left&#8221;][\/vc_column][\/vc_row][vc_row full_width=&#8221;stretch_row&#8221; css_animation=&#8221;none&#8221; hide_bg_image_on_tablet=&#8221;&#8221; hide_bg_image_on_mobile=&#8221;&#8221; row_delimiter=&#8221;&#8221; hide_on_desktop=&#8221;&#8221; hide_on_notebook=&#8221;&#8221; hide_on_tablet=&#8221;&#8221; hide_on_mobile=&#8221;&#8221; hide_on_frontpage=&#8221;&#8221; css=&#8221;.vc_custom_1587494399520{margin-top: 2vw !important;margin-bottom: -1px !important;background-image: url(https:\/\/landgutgirtenmuehle.de\/wp-content\/uploads\/2018\/04\/bg-footer.png?id=558) !important;background-position: top center !important;background-repeat: no-repeat !important;}&#8221;][vc_column hide_bg_image_on_tablet=&#8221;&#8221; hide_bg_image_on_mobile=&#8221;&#8221; icons_position=&#8221;left&#8221; css=&#8221;.vc_custom_1524663957365{background-size: cover !important;}&#8221;][\/vc_column][\/vc_row][vc_row full_width=&#8221;stretch_row&#8221; hide_bg_image_on_tablet=&#8221;&#8221; hide_bg_image_on_mobile=&#8221;&#8221; row_delimiter=&#8221;&#8221; hide_on_desktop=&#8221;&#8221; hide_on_notebook=&#8221;&#8221; hide_on_tablet=&#8221;&#8221; hide_on_mobile=&#8221;&#8221; hide_on_frontpage=&#8221;&#8221; css=&#8221;.vc_custom_1529486070332{margin-bottom: -1px !important;background-image: url(https:\/\/landgutgirtenmuehle.de\/wp-content\/uploads\/2018\/04\/bg-footer.png?id=558) !important;background-position: top center !important;background-repeat: no-repeat !important;}&#8221;][vc_column hide_bg_image_on_tablet=&#8221;&#8221; hide_bg_image_on_mobile=&#8221;&#8221; icons_position=&#8221;left&#8221; css=&#8221;.vc_custom_1524663957365{background-size: cover !important;}&#8221;][vc_empty_space height=&#8221;7.5vw&#8221; alter_height=&#8221;none&#8221; hide_on_desktop=&#8221;&#8221; hide_on_notebook=&#8221;&#8221; hide_on_tablet=&#8221;&#8221; hide_on_mobile=&#8221;&#8221;][\/vc_column][\/vc_row][vc_row full_width=&#8221;stretch_row_content_no_spaces&#8221; css_animation=&#8221;none&#8221; hide_bg_image_on_tablet=&#8221;&#8221; hide_bg_image_on_mobile=&#8221;&#8221; css=&#8221;.vc_custom_1529486061387{background-color: #efeeea !important;}&#8221;][vc_column icons_position=&#8221;left&#8221;]<div  id=\"sc_testimonials_781970033\"\t\tclass=\"sc_testimonials color_style_default sc_testimonials_default\"><h2 class=\"sc_item_title sc_testimonials_title sc_align_center sc_item_title_style_default\">What guests say<\/h2><h6 class=\"sc_item_subtitle sc_testimonials_subtitle sc_align_center sc_item_title_style_default\">Reviews<\/h6><div class=\"sc_testimonials_columns_wrap sc_item_columns trx_addons_columns_wrap columns_padding_bottom\"><div class=\"trx_addons_column-1_3\"><div class=\"sc_testimonials_item\">\n        <div class=\"sc_testimonials_item_content\"><p>We camped here for a night and loved it. We will definitely be back! Fresh bread, friendly owners, clean bathrooms, and right on a walking trail and creek. \ud83d\udc9c\ud83d\udc9c<\/p>\n<p><i class=\"icon-star\">\u00a0<\/i><i class=\"icon-star\">\u00a0<\/i><i class=\"icon-star\"> \u00a0<\/i><i class=\"icon-star\">\u00a0<\/i><i class=\"icon-star\">\u00a0<\/i><\/p>\n<\/div>\n    <div class=\"sc_testimonials_item_author_data\">\n        <h4 class=\"sc_testimonials_item_author_title\">Elizabeth<\/h4>\n        <div class=\"sc_testimonials_item_author_subtitle\">via Google Reviews<\/div>\n    <\/div>\n<\/div>\n<\/div><div class=\"trx_addons_column-1_3\"><div class=\"sc_testimonials_item\">\n        <div class=\"sc_testimonials_item_content\"><p>Voor ons was het de tweede keer op deze mooie camping. De faciliteiten zijn er duidelijk op vooruit gegaan. En de gastvrije sfeer is nog steeds geweldig! Het is een camping in ontwikkeling en dat belooft veel goeds voor de komende jaren. Als je jezelf van de camping met het gezellige terras (met lokale drankjes en huisgemaakt gebak) weet los te maken, kun je prachtige wandelingen in de omgeving maken (o.a. Traumschleifen). Op 30 minuten rijden is de prachtige stad Trier een bezoek waard.<br \/>\nVoor ons staat vast dat we hier vaker zullen terugkomen!<\/p>\n<p><i class=\"icon-star\">\u00a0<\/i><i class=\"icon-star\">\u00a0<\/i><i class=\"icon-star\">\u00a0<\/i><i class=\"icon-star\">\u00a0<\/i><i class=\"icon-star\">\u00a0<\/i><\/p>\n<\/div>\n    <div class=\"sc_testimonials_item_author_data\">\n        <h4 class=\"sc_testimonials_item_author_title\">Gert-Jan Van Barneveld<\/h4>\n        <div class=\"sc_testimonials_item_author_subtitle\">via Google Reviews<\/div>\n    <\/div>\n<\/div>\n<\/div><div class=\"trx_addons_column-1_3\"><div class=\"sc_testimonials_item\">\n        <div class=\"sc_testimonials_item_content\"><p>Sehr nette Betreiber, super sch\u00f6n am Wald mit Bachlauf gelegen. Einfach ein sehr lauschiges Pl\u00e4tzchen. Super Atmosph\u00e4re und tolle Wander und Radwege.<\/p>\n<p><i class=\"icon-star\">\u00a0<\/i><i class=\"icon-star\">\u00a0<\/i><i class=\"icon-star\"> \u00a0<\/i><i class=\"icon-star\">\u00a0<\/i><\/p>\n<\/div>\n    <div class=\"sc_testimonials_item_author_data\">\n        <h4 class=\"sc_testimonials_item_author_title\">Jannis H\u00fcppe<\/h4>\n        <div class=\"sc_testimonials_item_author_subtitle\">via Google Reviews<\/div>\n    <\/div>\n<\/div>\n<\/div><\/div><\/div><!-- \/.sc_testimonials --><div class=\"sc_item_button sc_button_wrap sc_align_center\"><a href=\"\/en\/reviews\" id=\"sc_button_144725773\" class=\"sc_button color_style_default sc_button_default  vc_custom_1586719252292 sc_button_size_normal sc_button_icon_left\"><span class=\"sc_button_text\"><span class=\"sc_button_title\">More Reviews<\/span><\/span><!-- \/.sc_button_text --><\/a><!-- \/.sc_button --><\/div><!-- \/.sc_item_button -->[vc_empty_space height=&#8221;5.2vw&#8221; alter_height=&#8221;none&#8221; hide_on_desktop=&#8221;&#8221; hide_on_notebook=&#8221;&#8221; hide_on_tablet=&#8221;&#8221; hide_on_mobile=&#8221;&#8221;][\/vc_column][\/vc_row][vc_row full_width=&#8221;stretch_row&#8221; hide_bg_image_on_tablet=&#8221;&#8221; hide_bg_image_on_mobile=&#8221;&#8221; css=&#8221;.vc_custom_1586527636612{background-image: url(https:\/\/landgutgirtenmuehle.de\/wp-content\/uploads\/2020\/04\/forest.jpg?id=1402) !important;background-position: center !important;background-repeat: no-repeat !important;background-size: cover !important;}&#8221;][vc_column icons_position=&#8221;left&#8221;][vc_empty_space height=&#8221;10.8vw&#8221; alter_height=&#8221;none&#8221; hide_on_desktop=&#8221;&#8221; hide_on_notebook=&#8221;&#8221; hide_on_tablet=&#8221;&#8221; hide_on_mobile=&#8221;&#8221;]<div  id=\"sc_action_172488581\" \n\tclass=\"sc_action color_style_default scheme_dark sc_action_default\"><div class=\"sc_action_content sc_item_content\"><div class=\"sc_action_item sc_action_item_default sc_action_item_mc\">\n\t\t\t<h6 class=\"sc_action_item_subtitle\"><span>Book your stay<\/span><\/h6><h3 class=\"sc_action_item_title\"><span>Spend your<\/span><span><\/span><span>holidays with us<\/span><\/h3><div class=\"sc_action_item_description\"><span>You want something special?<\/span><span><\/span><span>Book a night in a wine barrel, kota, caravan<\/span><span><\/span><span>or a luxury tent with a loved one!<\/span><\/div><a href=\"\/en\/disclaimer\" class=\"sc_action_item_link sc_button sc_button_size_medium\">Book now<\/a><div class=\"sc_action_item_info\"><span>Summer<\/span><span><\/span><span>2023<\/span><\/div><\/div><\/div><\/div><!-- \/.sc_action -->[vc_empty_space height=&#8221;9vw&#8221; alter_height=&#8221;none&#8221; hide_on_desktop=&#8221;&#8221; hide_on_notebook=&#8221;&#8221; hide_on_tablet=&#8221;&#8221; hide_on_mobile=&#8221;&#8221;][\/vc_column][\/vc_row]<\/p>\n<\/div>","protected":false},"excerpt":{"rendered":"<p>[vc_row full_width=&#8221;stretch_row_content_no_spaces&#8221; hide_bg_image_on_tablet=&#8221;&#8221; hide_bg_image_on_mobile=&#8221;&#8221;][vc_column icons_position=&#8221;left&#8221;][vc_row_inner hide_bg_image_on_tablet=&#8221;&#8221; hide_bg_image_on_mobile=&#8221;&#8221; css=&#8221;.vc_custom_1524649777768{background-size: cover !important;}&#8221;][vc_column_inner hide_bg_image_on_tablet=&#8221;&#8221; hide_bg_image_on_mobile=&#8221;&#8221; icons_position=&#8221;left&#8221;][\/vc_column_inner][rev_slider_vc alias=&#8221;LGGM-NEWS&#8221;][vc_column_inner icons_position=&#8221;left&#8221;][vc_empty_space height=&#8221;1rem&#8221; alter_height=&#8221;none&#8221; hide_on_desktop=&#8221;&#8221; hide_on_notebook=&#8221;&#8221; hide_on_tablet=&#8221;&#8221; hide_on_mobile=&#8221;&#8221;][\/vc_column_inner][\/vc_row_inner][vc_column_inner icons_position=&#8221;left&#8221;][\/vc_column_inner][vc_row_inner hide_bg_image_on_tablet=&#8221;&#8221; hide_bg_image_on_mobile=&#8221;&#8221; shape_divider_top_front=&#8221;&#8221; shape_divider_bottom_front=&#8221;&#8221; row_delimiter=&#8221;&#8221; el_class=&#8221;z-index-1&#8243;][vc_column_inner width=&#8221;1\/3&#8243; fix_column=&#8221;&#8221; hide_bg_image_on_tablet=&#8221;&#8221; hide_bg_image_on_mobile=&#8221;&#8221; icons_position=&#8221;left&#8221; css=&#8221;.vc_custom_1601285544809{margin-top: -3rem !important;background-image: url(https:\/\/landgutgirtenmuehle.de\/wp-content\/uploads\/2019\/10\/bg-band-home-3.png?id=1228) !important;background-position: top center !important;background-repeat: no-repeat !important;background-size: cover !important;}&#8221; offset=&#8221;vc_hidden-sm vc_hidden-xs&#8221;][vc_empty_space height=&#8221;3vw&#8221; alter_height=&#8221;none&#8221; hide_on_desktop=&#8221;&#8221; hide_on_notebook=&#8221;&#8221; hide_on_tablet=&#8221;&#8221; hide_on_mobile=&#8221;&#8221;][vc_single_image image=&#8221;2292&#8243; img_size=&#8221;full&#8221; alignment=&#8221;center&#8221;][\/vc_column_inner][vc_column_inner width=&#8221;1\/3&#8243; icons_position=&#8221;left&#8221;][vc_empty_space height=&#8221;5rem&#8221; alter_height=&#8221;none&#8221;&hellip;<\/p>\n","protected":false},"author":990042,"featured_media":0,"parent":0,"menu_order":0,"comment_status":"closed","ping_status":"closed","template":"","meta":{"rs_blank_template":"","rs_page_bg_color":"","slide_template_v7":"","footnotes":""},"class_list":["post-2389","page","type-page","status-publish","hentry"],"yoast_head":"<!-- This site is optimized with the Yoast SEO plugin v27.4 - https:\/\/yoast.com\/product\/yoast-seo-wordpress\/ -->\n<title>LGGM NEWS - Landgut Girtenm\u00fchle - Nieuws biologische camping Saarland<\/title>\n<meta name=\"description\" content=\"Nieuws biologische camping Saarland. Blijf op de hoogte van het laatste nieuws van Landgut Girtenm\u00fchle.\" \/>\n<meta name=\"robots\" content=\"index, follow, max-snippet:-1, max-image-preview:large, max-video-preview:-1\" \/>\n<link rel=\"canonical\" href=\"https:\/\/landgutgirtenmuehle.de\/nl\/lggm-news\/\" \/>\n<meta property=\"og:locale\" content=\"nl_NL\" \/>\n<meta property=\"og:type\" content=\"article\" \/>\n<meta property=\"og:title\" content=\"LGGM NEWS - Landgut Girtenm\u00fchle - Nieuws biologische camping Saarland\" \/>\n<meta property=\"og:description\" content=\"Nieuws biologische camping Saarland. Blijf op de hoogte van het laatste nieuws van Landgut Girtenm\u00fchle.\" \/>\n<meta property=\"og:url\" content=\"https:\/\/landgutgirtenmuehle.de\/nl\/lggm-news\/\" \/>\n<meta property=\"og:site_name\" content=\"Landgut Girtenm\u00fchle\" \/>\n<meta property=\"article:publisher\" content=\"https:\/\/www.facebook.com\/landgutgirtenmuhle\" \/>\n<meta property=\"article:modified_time\" content=\"2026-04-21T07:03:39+00:00\" \/>\n<meta name=\"twitter:card\" content=\"summary_large_image\" \/>\n<meta name=\"twitter:label1\" content=\"Geschatte leestijd\" \/>\n\t<meta name=\"twitter:data1\" content=\"2 minuten\" \/>\n<script type=\"application\/ld+json\" class=\"yoast-schema-graph\">{\"@context\":\"https:\\\/\\\/schema.org\",\"@graph\":[{\"@type\":\"WebPage\",\"@id\":\"https:\\\/\\\/landgutgirtenmuehle.de\\\/nl\\\/lggm-news\\\/\",\"url\":\"https:\\\/\\\/landgutgirtenmuehle.de\\\/nl\\\/lggm-news\\\/\",\"name\":\"LGGM NEWS - Landgut Girtenm\u00fchle - Nieuws biologische camping Saarland\",\"isPartOf\":{\"@id\":\"https:\\\/\\\/landgutgirtenmuehle.de\\\/de\\\/#website\"},\"datePublished\":\"2020-09-28T12:15:35+00:00\",\"dateModified\":\"2026-04-21T07:03:39+00:00\",\"description\":\"Nieuws biologische camping Saarland. Blijf op de hoogte van het laatste nieuws van Landgut Girtenm\u00fchle.\",\"breadcrumb\":{\"@id\":\"https:\\\/\\\/landgutgirtenmuehle.de\\\/nl\\\/lggm-news\\\/#breadcrumb\"},\"inLanguage\":\"nl-NL\",\"potentialAction\":[{\"@type\":\"ReadAction\",\"target\":[\"https:\\\/\\\/landgutgirtenmuehle.de\\\/nl\\\/lggm-news\\\/\"]}]},{\"@type\":\"BreadcrumbList\",\"@id\":\"https:\\\/\\\/landgutgirtenmuehle.de\\\/nl\\\/lggm-news\\\/#breadcrumb\",\"itemListElement\":[{\"@type\":\"ListItem\",\"position\":1,\"name\":\"Home\",\"item\":\"https:\\\/\\\/landgutgirtenmuehle.de\\\/nl\\\/\"},{\"@type\":\"ListItem\",\"position\":2,\"name\":\"LGGM NEWS\"}]},{\"@type\":\"WebSite\",\"@id\":\"https:\\\/\\\/landgutgirtenmuehle.de\\\/de\\\/#website\",\"url\":\"https:\\\/\\\/landgutgirtenmuehle.de\\\/de\\\/\",\"name\":\"Landgut Girtenm\u00fchle\",\"description\":\"Camping &amp; Glamping\",\"publisher\":{\"@id\":\"https:\\\/\\\/landgutgirtenmuehle.de\\\/de\\\/#organization\"},\"potentialAction\":[{\"@type\":\"SearchAction\",\"target\":{\"@type\":\"EntryPoint\",\"urlTemplate\":\"https:\\\/\\\/landgutgirtenmuehle.de\\\/de\\\/?s={search_term_string}\"},\"query-input\":{\"@type\":\"PropertyValueSpecification\",\"valueRequired\":true,\"valueName\":\"search_term_string\"}}],\"inLanguage\":\"nl-NL\"},{\"@type\":\"Organization\",\"@id\":\"https:\\\/\\\/landgutgirtenmuehle.de\\\/de\\\/#organization\",\"name\":\"Landgut Girtenm\u00fchle\",\"url\":\"https:\\\/\\\/landgutgirtenmuehle.de\\\/de\\\/\",\"logo\":{\"@type\":\"ImageObject\",\"inLanguage\":\"nl-NL\",\"@id\":\"https:\\\/\\\/landgutgirtenmuehle.de\\\/de\\\/#\\\/schema\\\/logo\\\/image\\\/\",\"url\":\"https:\\\/\\\/landgutgirtenmuehle.de\\\/wp-content\\\/uploads\\\/2020\\\/05\\\/cropped-Logo_transparant_GM-1.png\",\"contentUrl\":\"https:\\\/\\\/landgutgirtenmuehle.de\\\/wp-content\\\/uploads\\\/2020\\\/05\\\/cropped-Logo_transparant_GM-1.png\",\"width\":2979,\"height\":3480,\"caption\":\"Landgut Girtenm\u00fchle\"},\"image\":{\"@id\":\"https:\\\/\\\/landgutgirtenmuehle.de\\\/de\\\/#\\\/schema\\\/logo\\\/image\\\/\"},\"sameAs\":[\"https:\\\/\\\/www.facebook.com\\\/landgutgirtenmuhle\",\"https:\\\/\\\/www.youtube.com\\\/channel\\\/UCu-9i8h2V4CuwfmJiD1c2MA\",\"https:\\\/\\\/www.instagram.com\\\/girtenmuhle\"]}]}<\/script>\n<!-- \/ Yoast SEO plugin. -->","yoast_head_json":{"title":"LGGM NEWS - Landgut Girtenm\u00fchle - Nieuws biologische camping Saarland","description":"Nieuws biologische camping Saarland. Blijf op de hoogte van het laatste nieuws van Landgut Girtenm\u00fchle.","robots":{"index":"index","follow":"follow","max-snippet":"max-snippet:-1","max-image-preview":"max-image-preview:large","max-video-preview":"max-video-preview:-1"},"canonical":"https:\/\/landgutgirtenmuehle.de\/nl\/lggm-news\/","og_locale":"nl_NL","og_type":"article","og_title":"LGGM NEWS - Landgut Girtenm\u00fchle - Nieuws biologische camping Saarland","og_description":"Nieuws biologische camping Saarland. Blijf op de hoogte van het laatste nieuws van Landgut Girtenm\u00fchle.","og_url":"https:\/\/landgutgirtenmuehle.de\/nl\/lggm-news\/","og_site_name":"Landgut Girtenm\u00fchle","article_publisher":"https:\/\/www.facebook.com\/landgutgirtenmuhle","article_modified_time":"2026-04-21T07:03:39+00:00","twitter_card":"summary_large_image","twitter_misc":{"Geschatte leestijd":"2 minuten"},"schema":{"@context":"https:\/\/schema.org","@graph":[{"@type":"WebPage","@id":"https:\/\/landgutgirtenmuehle.de\/nl\/lggm-news\/","url":"https:\/\/landgutgirtenmuehle.de\/nl\/lggm-news\/","name":"LGGM NEWS - Landgut Girtenm\u00fchle - Nieuws biologische camping Saarland","isPartOf":{"@id":"https:\/\/landgutgirtenmuehle.de\/de\/#website"},"datePublished":"2020-09-28T12:15:35+00:00","dateModified":"2026-04-21T07:03:39+00:00","description":"Nieuws biologische camping Saarland. Blijf op de hoogte van het laatste nieuws van Landgut Girtenm\u00fchle.","breadcrumb":{"@id":"https:\/\/landgutgirtenmuehle.de\/nl\/lggm-news\/#breadcrumb"},"inLanguage":"nl-NL","potentialAction":[{"@type":"ReadAction","target":["https:\/\/landgutgirtenmuehle.de\/nl\/lggm-news\/"]}]},{"@type":"BreadcrumbList","@id":"https:\/\/landgutgirtenmuehle.de\/nl\/lggm-news\/#breadcrumb","itemListElement":[{"@type":"ListItem","position":1,"name":"Home","item":"https:\/\/landgutgirtenmuehle.de\/nl\/"},{"@type":"ListItem","position":2,"name":"LGGM NEWS"}]},{"@type":"WebSite","@id":"https:\/\/landgutgirtenmuehle.de\/de\/#website","url":"https:\/\/landgutgirtenmuehle.de\/de\/","name":"Landgut Girtenm\u00fchle","description":"Camping &amp; Glamping","publisher":{"@id":"https:\/\/landgutgirtenmuehle.de\/de\/#organization"},"potentialAction":[{"@type":"SearchAction","target":{"@type":"EntryPoint","urlTemplate":"https:\/\/landgutgirtenmuehle.de\/de\/?s={search_term_string}"},"query-input":{"@type":"PropertyValueSpecification","valueRequired":true,"valueName":"search_term_string"}}],"inLanguage":"nl-NL"},{"@type":"Organization","@id":"https:\/\/landgutgirtenmuehle.de\/de\/#organization","name":"Landgut Girtenm\u00fchle","url":"https:\/\/landgutgirtenmuehle.de\/de\/","logo":{"@type":"ImageObject","inLanguage":"nl-NL","@id":"https:\/\/landgutgirtenmuehle.de\/de\/#\/schema\/logo\/image\/","url":"https:\/\/landgutgirtenmuehle.de\/wp-content\/uploads\/2020\/05\/cropped-Logo_transparant_GM-1.png","contentUrl":"https:\/\/landgutgirtenmuehle.de\/wp-content\/uploads\/2020\/05\/cropped-Logo_transparant_GM-1.png","width":2979,"height":3480,"caption":"Landgut Girtenm\u00fchle"},"image":{"@id":"https:\/\/landgutgirtenmuehle.de\/de\/#\/schema\/logo\/image\/"},"sameAs":["https:\/\/www.facebook.com\/landgutgirtenmuhle","https:\/\/www.youtube.com\/channel\/UCu-9i8h2V4CuwfmJiD1c2MA","https:\/\/www.instagram.com\/girtenmuhle"]}]}},"_links":{"self":[{"href":"https:\/\/landgutgirtenmuehle.de\/nl\/wp-json\/wp\/v2\/pages\/2389","targetHints":{"allow":["GET"]}}],"collection":[{"href":"https:\/\/landgutgirtenmuehle.de\/nl\/wp-json\/wp\/v2\/pages"}],"about":[{"href":"https:\/\/landgutgirtenmuehle.de\/nl\/wp-json\/wp\/v2\/types\/page"}],"author":[{"embeddable":true,"href":"https:\/\/landgutgirtenmuehle.de\/nl\/wp-json\/wp\/v2\/users\/990042"}],"replies":[{"embeddable":true,"href":"https:\/\/landgutgirtenmuehle.de\/nl\/wp-json\/wp\/v2\/comments?post=2389"}],"version-history":[{"count":13,"href":"https:\/\/landgutgirtenmuehle.de\/nl\/wp-json\/wp\/v2\/pages\/2389\/revisions"}],"predecessor-version":[{"id":7735,"href":"https:\/\/landgutgirtenmuehle.de\/nl\/wp-json\/wp\/v2\/pages\/2389\/revisions\/7735"}],"wp:attachment":[{"href":"https:\/\/landgutgirtenmuehle.de\/nl\/wp-json\/wp\/v2\/media?parent=2389"}],"curies":[{"name":"wp","href":"https:\/\/api.w.org\/{rel}","templated":true}]}}