{"id":1783,"date":"2020-04-13T21:12:58","date_gmt":"2020-04-13T19:12:58","guid":{"rendered":"http:\/\/test.landgutgirtenmuehle.de\/?page_id=1783"},"modified":"2023-09-21T16:30:05","modified_gmt":"2023-09-21T14:30:05","slug":"bistro","status":"publish","type":"page","link":"https:\/\/landgutgirtenmuehle.de\/nl\/bistro\/","title":{"rendered":"Bistro"},"content":{"rendered":"<div class=\"wpb-content-wrapper\"><p>[vc_row hide_bg_image_on_tablet=&#8221;&#8221; hide_bg_image_on_mobile=&#8221;&#8221; css=&#8221;.vc_custom_1528968706455{margin-top: -6vw !important;}&#8221;][vc_column width=&#8221;1\/2&#8243; hide_bg_image_on_tablet=&#8221;&#8221; hide_bg_image_on_mobile=&#8221;&#8221; icons_position=&#8221;left&#8221; css=&#8221;.vc_custom_1528968710266{margin-top: 6vw !important;}&#8221;][vc_empty_space height=&#8221;4vw&#8221; alter_height=&#8221;none&#8221; hide_on_desktop=&#8221;&#8221; hide_on_notebook=&#8221;&#8221; hide_on_tablet=&#8221;1&#8243; hide_on_mobile=&#8221;1&#8243;]<div id=\"sc_icons_1325892008\" \n\tclass=\"sc_icons sc_icons_default sc_icons_size_medium sc_align_center\"><h2 class=\"sc_item_title sc_icons_title sc_align_center sc_item_title_style_default\">Alles is bij ons<br>biologisch<\/h2><h6 class=\"sc_item_subtitle sc_icons_subtitle sc_align_center sc_item_title_style_default\">Van hapje tot Schnapsje<\/h6><div class=\"sc_item_descr sc_icons_descr sc_align_center\"><p>Van de warme broodjes in de ochtend, tot het laatste borrelhapje op het terras... <br \/>Alleen het water uit de kraan heeft geen biologisch keurmerk!<br \/>\nEet een (dag)hapje mee of kom gezellig aan het vuur zitten onder onze mooie walnotenboom!<\/p>\n<table style=\"float: left; margin-right: 0px; margin-top: 0vw;\" summary=\"Preise\" cellspacing=\"0\">\n<tbody>\n<tr>\n<th><\/th>\n<th><big>Bistro<\/big><\/th>\n<\/tr>\n<tr>\n<td><big>V.a. 8:30<\/big><\/td>\n<td>Warme broodjes afhalen*<\/td>\n<\/tr>\n<tr>\n<td><big>11:00 - 14:00<\/big><\/td>\n<td>Terras gesloten<\/td>\n<\/tr>\n<tr>\n<td><big>19:00<\/big><\/td>\n<td>Daghap*<\/td>\n<\/tr>\n<tr>\n<td><big>15:00 - 21:00<\/big><\/td>\n<td>Borrelhapjes<\/td>\n<\/tr>\n<tr>\n<th><\/th>\n<th><big>Bar<\/big><\/th>\n<\/tr>\n<tr>\n<td><big>8:30 - 22:00<\/big><\/td>\n<td>Als het gezellig is <br \/>sluit de bar iets later!<\/td>\n<\/tr>\n<\/tbody>\n<\/table>\n<p>U kunt broodjes \u00e9\u00e9n dag van tevoren reserveren door de lijst aan de bar in te vullen.<\/p>\n<p>De daghap eet iedereen gezellig samen.<br \/>\nZelfde tijd, zelfde plaats,<br \/>\nelke dag wat anders!<\/p>\n<p>Al ons eten is <b>vegetarisch<\/b>, behalve op woensdag... Dan geniet de kok van zijn vrije dag!<\/p>\n<p>Na het avondeten kunt u genieten van vegetarische snacks die goed passen bij onze biologische biertjes.<\/p>\n<p>En dan maken wij 's avonds, zoals altijd,<br \/>\neen heerlijk vuurtje voor u op het terras.<\/p>\n<p><b>*Omdat wij verspilling tegen willen gaan werken wij alleen met reserveringen.<\/b> <br \/>Als u op de dag van aankomst mee wilt eten moet u hier dus rekening mee houden!<\/p>\n<\/div><div class=\"sc_icons_columns_wrap sc_item_columns trx_addons_columns_wrap columns_padding_bottom\"><div class=\"trx_addons_column-1_3\"><div class=\"sc_icons_item\"><div id=\"sc_icons_1325892008_icon-bottle\" class=\"sc_icons_icon sc_icon_type_ icon-bottle\"\n\t\t\t\t\t\t style=\"color: #f2682a\"\t\t\t\t\t\t><span class=\"sc_icon_type_ icon-bottle\" style=\"color: #f2682a\"><\/span><\/div><h4 class=\"sc_icons_item_title\"><span>Bar<\/span><\/h4><\/div><\/div><div class=\"trx_addons_column-1_3\"><div class=\"sc_icons_item\"><div id=\"sc_icons_1325892008_icon-026_food\" class=\"sc_icons_icon sc_icon_type_ icon-026_food\"\n\t\t\t\t\t\t style=\"color: #f2682a\"\t\t\t\t\t\t><span class=\"sc_icon_type_ icon-026_food\" style=\"color: #f2682a\"><\/span><\/div><h4 class=\"sc_icons_item_title\"><span>Bistro<\/span><\/h4><\/div><\/div><div class=\"trx_addons_column-1_3\"><div class=\"sc_icons_item\"><div id=\"sc_icons_1325892008_icon-vegetables\" class=\"sc_icons_icon sc_icon_type_ icon-vegetables\"\n\t\t\t\t\t\t style=\"color: #f2682a\"\t\t\t\t\t\t><span class=\"sc_icon_type_ icon-vegetables\" style=\"color: #f2682a\"><\/span><\/div><h4 class=\"sc_icons_item_title\"><span>Biologisch<\/span><\/h4><\/div><\/div><\/div><\/div><!-- \/.sc_icons -->[\/vc_column][vc_column width=&#8221;1\/2&#8243; hide_bg_image_on_tablet=&#8221;&#8221; hide_bg_image_on_mobile=&#8221;&#8221; icons_position=&#8221;left&#8221; css=&#8221;.vc_custom_1528968714514{margin-top: 6vw !important;}&#8221;][vc_empty_space height=&#8221;7vw&#8221; alter_height=&#8221;none&#8221; hide_on_desktop=&#8221;&#8221; hide_on_notebook=&#8221;&#8221; hide_on_tablet=&#8221;1&#8243; hide_on_mobile=&#8221;1&#8243;][vc_images_carousel images=&#8221;1366,2594,2591,2595,2593,1367&#8243; img_size=&#8221;large&#8221; onclick=&#8221;link_no&#8221; speed=&#8221;4000&#8243; autoplay=&#8221;yes&#8221; wrap=&#8221;yes&#8221;][\/vc_column][\/vc_row][vc_row full_width=&#8221;stretch_row&#8221; hide_bg_image_on_tablet=&#8221;&#8221; hide_bg_image_on_mobile=&#8221;&#8221; row_delimiter=&#8221;&#8221; hide_on_desktop=&#8221;&#8221; hide_on_notebook=&#8221;&#8221; hide_on_tablet=&#8221;&#8221; hide_on_mobile=&#8221;&#8221; hide_on_frontpage=&#8221;&#8221; css=&#8221;.vc_custom_1528968871658{margin-top: 6vw !important;margin-bottom: -1px !important;background-image: url(https:\/\/landgutgirtenmuehle.de\/wp-content\/uploads\/2018\/04\/bg-footer.png?id=558) !important;background-position: top center !important;background-repeat: no-repeat !important;}&#8221;][vc_column hide_bg_image_on_tablet=&#8221;&#8221; hide_bg_image_on_mobile=&#8221;&#8221; icons_position=&#8221;left&#8221; css=&#8221;.vc_custom_1524663957365{background-size: cover !important;}&#8221;][vc_empty_space height=&#8221;7.5vw&#8221; alter_height=&#8221;none&#8221; hide_on_desktop=&#8221;&#8221; hide_on_notebook=&#8221;&#8221; hide_on_tablet=&#8221;&#8221; hide_on_mobile=&#8221;&#8221;][\/vc_column][\/vc_row][vc_row full_width=&#8221;stretch_row&#8221; hide_bg_image_on_tablet=&#8221;&#8221; hide_bg_image_on_mobile=&#8221;&#8221; css=&#8221;.vc_custom_1514475122564{background-color: #efeeea !important;}&#8221;][vc_column icons_position=&#8221;left&#8221;]<div id=\"sc_title_605237981\"\n\t\tclass=\"sc_title color_style_default sc_title_default  vc_custom_1586805219166\"><h2 class=\"sc_item_title sc_title_title sc_align_center sc_item_title_style_default\">Kleine dingen in de bistro<\/h2><h6 class=\"sc_item_subtitle sc_title_subtitle sc_align_center sc_item_title_style_default\">Taart, Grill, Drankjes<\/h6><\/div><!-- \/.sc_title -->[vc_gallery type=&#8221;image_grid&#8221; images=&#8221;1366,2594,2591,1367,2593,1368&#8243; img_size=&#8221;400&#215;300&#8243;][\/vc_column][\/vc_row][vc_row full_width=&#8221;stretch_row&#8221; hide_bg_image_on_tablet=&#8221;&#8221; hide_bg_image_on_mobile=&#8221;&#8221; row_delimiter=&#8221;&#8221; hide_on_desktop=&#8221;&#8221; hide_on_notebook=&#8221;&#8221; hide_on_tablet=&#8221;&#8221; hide_on_mobile=&#8221;&#8221; hide_on_frontpage=&#8221;&#8221; css=&#8221;.vc_custom_1528968877924{margin-top: -1px !important;margin-bottom: 6vw !important;background-image: url(https:\/\/landgutgirtenmuehle.de\/wp-content\/uploads\/2018\/05\/bg-bend.png?id=664) !important;background-position: bottom center !important;background-repeat: no-repeat !important;}&#8221;][vc_column hide_bg_image_on_tablet=&#8221;&#8221; hide_bg_image_on_mobile=&#8221;&#8221; icons_position=&#8221;left&#8221; css=&#8221;.vc_custom_1524663957365{background-size: cover !important;}&#8221;][vc_empty_space height=&#8221;7.5vw&#8221; alter_height=&#8221;none&#8221; hide_on_desktop=&#8221;&#8221; hide_on_notebook=&#8221;&#8221; hide_on_tablet=&#8221;&#8221; hide_on_mobile=&#8221;&#8221;][\/vc_column][\/vc_row][vc_row full_width=&#8221;stretch_row_content_no_spaces&#8221; css_animation=&#8221;none&#8221; hide_bg_image_on_tablet=&#8221;&#8221; hide_bg_image_on_mobile=&#8221;&#8221;][vc_column icons_position=&#8221;left&#8221;][vc_empty_space height=&#8221;7.5vw&#8221; alter_height=&#8221;none&#8221; hide_on_desktop=&#8221;&#8221; hide_on_notebook=&#8221;&#8221; hide_on_tablet=&#8221;&#8221; hide_on_mobile=&#8221;&#8221;]<div  id=\"sc_testimonials_1759855728\"\t\tclass=\"sc_testimonials color_style_default sc_testimonials_default\"><h2 class=\"sc_item_title sc_testimonials_title sc_align_center sc_item_title_style_default\">Wat bezoekers zeggen<\/h2><h6 class=\"sc_item_subtitle sc_testimonials_subtitle sc_align_center sc_item_title_style_default\">Reviews<\/h6><div class=\"sc_testimonials_columns_wrap sc_item_columns trx_addons_columns_wrap columns_padding_bottom\"><div class=\"trx_addons_column-1_3\"><div class=\"sc_testimonials_item\">\n        <div class=\"sc_testimonials_item_content\"><p>We camped here for a night and loved it. We will definitely be back! Fresh bread, friendly owners, clean bathrooms, and right on a walking trail and creek. \ud83d\udc9c\ud83d\udc9c<\/p>\n<p><i class=\"icon-star\">\u00a0<\/i><i class=\"icon-star\">\u00a0<\/i><i class=\"icon-star\"> \u00a0<\/i><i class=\"icon-star\">\u00a0<\/i><i class=\"icon-star\">\u00a0<\/i><\/p>\n<\/div>\n    <div class=\"sc_testimonials_item_author_data\">\n        <h4 class=\"sc_testimonials_item_author_title\">Elizabeth<\/h4>\n        <div class=\"sc_testimonials_item_author_subtitle\">via Google Reviews<\/div>\n    <\/div>\n<\/div>\n<\/div><div class=\"trx_addons_column-1_3\"><div class=\"sc_testimonials_item\">\n        <div class=\"sc_testimonials_item_content\"><p>Voor ons was het de tweede keer op deze mooie camping. De faciliteiten zijn er duidelijk op vooruit gegaan. En de gastvrije sfeer is nog steeds geweldig! Het is een camping in ontwikkeling en dat belooft veel goeds voor de komende jaren. Als je jezelf van de camping met het gezellige terras (met lokale drankjes en huisgemaakt gebak) weet los te maken, kun je prachtige wandelingen in de omgeving maken (o.a. Traumschleifen). Op 30 minuten rijden is de prachtige stad Trier een bezoek waard.<br \/>\nVoor ons staat vast dat we hier vaker zullen terugkomen!<\/p>\n<p><i class=\"icon-star\">\u00a0<\/i><i class=\"icon-star\">\u00a0<\/i><i class=\"icon-star\">\u00a0<\/i><i class=\"icon-star\">\u00a0<\/i><i class=\"icon-star\">\u00a0<\/i><\/p>\n<\/div>\n    <div class=\"sc_testimonials_item_author_data\">\n        <h4 class=\"sc_testimonials_item_author_title\">Gert-Jan Van Barneveld<\/h4>\n        <div class=\"sc_testimonials_item_author_subtitle\">via Google Reviews<\/div>\n    <\/div>\n<\/div>\n<\/div><div class=\"trx_addons_column-1_3\"><div class=\"sc_testimonials_item\">\n        <div class=\"sc_testimonials_item_content\"><p>Sehr nette Betreiber, super sch\u00f6n am Wald mit Bachlauf gelegen. Einfach ein sehr lauschiges Pl\u00e4tzchen. Super Atmosph\u00e4re und tolle Wander und Radwege.<\/p>\n<p><i class=\"icon-star\">\u00a0<\/i><i class=\"icon-star\">\u00a0<\/i><i class=\"icon-star\"> \u00a0<\/i><i class=\"icon-star\">\u00a0<\/i><\/p>\n<\/div>\n    <div class=\"sc_testimonials_item_author_data\">\n        <h4 class=\"sc_testimonials_item_author_title\">Jannis H\u00fcppe<\/h4>\n        <div class=\"sc_testimonials_item_author_subtitle\">via Google Reviews<\/div>\n    <\/div>\n<\/div>\n<\/div><\/div><\/div><!-- \/.sc_testimonials -->[vc_empty_space height=&#8221;5.2vw&#8221; alter_height=&#8221;none&#8221; hide_on_desktop=&#8221;&#8221; hide_on_notebook=&#8221;&#8221; hide_on_tablet=&#8221;&#8221; hide_on_mobile=&#8221;&#8221;][\/vc_column][\/vc_row][vc_row full_width=&#8221;stretch_row&#8221; hide_bg_image_on_tablet=&#8221;&#8221; hide_bg_image_on_mobile=&#8221;&#8221; css=&#8221;.vc_custom_1586527636612{background-image: url(https:\/\/landgutgirtenmuehle.de\/wp-content\/uploads\/2020\/04\/forest.jpg?id=1402) !important;background-position: center !important;background-repeat: no-repeat !important;background-size: cover !important;}&#8221;][vc_column icons_position=&#8221;left&#8221;][vc_empty_space height=&#8221;10.8vw&#8221; alter_height=&#8221;none&#8221; hide_on_desktop=&#8221;&#8221; hide_on_notebook=&#8221;&#8221; hide_on_tablet=&#8221;&#8221; hide_on_mobile=&#8221;&#8221;]<div  id=\"sc_action_2028563535\" \n\tclass=\"sc_action color_style_default scheme_dark sc_action_default\"><div class=\"sc_action_content sc_item_content\"><div class=\"sc_action_item sc_action_item_default sc_action_item_mc\">\n\t\t\t<h6 class=\"sc_action_item_subtitle\"><span>Reserveer uw verblijf<\/span><\/h6><h3 class=\"sc_action_item_title\"><span>Breng uw vakantie<\/span><span><\/span><span>bij ons door<\/span><\/h3><div class=\"sc_action_item_description\"><span>Bent u op zoek naar iets speciaals?<\/span><span><\/span><span>Boek een nacht in een wijnvat, kota, caravan<\/span><span><\/span><span>of een luxe tent met een geliefde!<\/span><\/div><a href=\"\/nl\/disclaimer\" class=\"sc_action_item_link sc_button sc_button_size_medium\">Reserveren<\/a><div class=\"sc_action_item_info\"><span>Deze<\/span><span><\/span><span>zomer!<\/span><\/div><\/div><\/div><\/div><!-- \/.sc_action -->[vc_empty_space height=&#8221;9vw&#8221; alter_height=&#8221;none&#8221; hide_on_desktop=&#8221;&#8221; hide_on_notebook=&#8221;&#8221; hide_on_tablet=&#8221;&#8221; hide_on_mobile=&#8221;&#8221;][\/vc_column][\/vc_row]<\/p>\n<\/div>","protected":false},"excerpt":{"rendered":"<p>[vc_row hide_bg_image_on_tablet=&#8221;&#8221; hide_bg_image_on_mobile=&#8221;&#8221; css=&#8221;.vc_custom_1528968706455{margin-top: -6vw !important;}&#8221;][vc_column width=&#8221;1\/2&#8243; hide_bg_image_on_tablet=&#8221;&#8221; hide_bg_image_on_mobile=&#8221;&#8221; icons_position=&#8221;left&#8221; css=&#8221;.vc_custom_1528968710266{margin-top: 6vw !important;}&#8221;][vc_empty_space height=&#8221;4vw&#8221; alter_height=&#8221;none&#8221; hide_on_desktop=&#8221;&#8221; hide_on_notebook=&#8221;&#8221; hide_on_tablet=&#8221;1&#8243; hide_on_mobile=&#8221;1&#8243;][\/vc_column][vc_column width=&#8221;1\/2&#8243; hide_bg_image_on_tablet=&#8221;&#8221; hide_bg_image_on_mobile=&#8221;&#8221; icons_position=&#8221;left&#8221; css=&#8221;.vc_custom_1528968714514{margin-top: 6vw !important;}&#8221;][vc_empty_space height=&#8221;7vw&#8221; alter_height=&#8221;none&#8221; hide_on_desktop=&#8221;&#8221; hide_on_notebook=&#8221;&#8221; hide_on_tablet=&#8221;1&#8243; hide_on_mobile=&#8221;1&#8243;][vc_images_carousel images=&#8221;1366,2594,2591,2595,2593,1367&#8243; img_size=&#8221;large&#8221; onclick=&#8221;link_no&#8221; speed=&#8221;4000&#8243; autoplay=&#8221;yes&#8221; wrap=&#8221;yes&#8221;][\/vc_column][\/vc_row][vc_row full_width=&#8221;stretch_row&#8221; hide_bg_image_on_tablet=&#8221;&#8221; hide_bg_image_on_mobile=&#8221;&#8221; row_delimiter=&#8221;&#8221; hide_on_desktop=&#8221;&#8221; hide_on_notebook=&#8221;&#8221; hide_on_tablet=&#8221;&#8221; hide_on_mobile=&#8221;&#8221; hide_on_frontpage=&#8221;&#8221; css=&#8221;.vc_custom_1528968871658{margin-top: 6vw !important;margin-bottom: -1px !important;background-image: url(https:\/\/landgutgirtenmuehle.de\/wp-content\/uploads\/2018\/04\/bg-footer.png?id=558) !important;background-position: top center !important;background-repeat: no-repeat !important;}&#8221;][vc_column hide_bg_image_on_tablet=&#8221;&#8221;&hellip;<\/p>\n","protected":false},"author":990042,"featured_media":0,"parent":0,"menu_order":0,"comment_status":"closed","ping_status":"closed","template":"","meta":{"rs_blank_template":"","rs_page_bg_color":"","slide_template_v7":"","footnotes":""},"class_list":["post-1783","page","type-page","status-publish","hentry"],"yoast_head":"<!-- This site is optimized with the Yoast SEO plugin v27.4 - https:\/\/yoast.com\/product\/yoast-seo-wordpress\/ -->\n<title>Bistro - Landgut Girtenm\u00fchle<\/title>\n<meta name=\"robots\" content=\"index, follow, max-snippet:-1, max-image-preview:large, max-video-preview:-1\" \/>\n<link rel=\"canonical\" href=\"https:\/\/landgutgirtenmuehle.de\/de\/bistro\/\" \/>\n<meta property=\"og:locale\" content=\"nl_NL\" \/>\n<meta property=\"og:type\" content=\"article\" \/>\n<meta property=\"og:title\" content=\"Bistro - Landgut Girtenm\u00fchle\" \/>\n<meta property=\"og:description\" content=\"[vc_row hide_bg_image_on_tablet=&#8221;&#8221; hide_bg_image_on_mobile=&#8221;&#8221; css=&#8221;.vc_custom_1528968706455{margin-top: -6vw !important;}&#8221;][vc_column width=&#8221;1\/2&#8243; hide_bg_image_on_tablet=&#8221;&#8221; hide_bg_image_on_mobile=&#8221;&#8221; icons_position=&#8221;left&#8221; css=&#8221;.vc_custom_1528968710266{margin-top: 6vw !important;}&#8221;][vc_empty_space height=&#8221;4vw&#8221; alter_height=&#8221;none&#8221; hide_on_desktop=&#8221;&#8221; hide_on_notebook=&#8221;&#8221; hide_on_tablet=&#8221;1&#8243; hide_on_mobile=&#8221;1&#8243;][\/vc_column][vc_column width=&#8221;1\/2&#8243; hide_bg_image_on_tablet=&#8221;&#8221; hide_bg_image_on_mobile=&#8221;&#8221; icons_position=&#8221;left&#8221; css=&#8221;.vc_custom_1528968714514{margin-top: 6vw !important;}&#8221;][vc_empty_space height=&#8221;7vw&#8221; alter_height=&#8221;none&#8221; hide_on_desktop=&#8221;&#8221; hide_on_notebook=&#8221;&#8221; hide_on_tablet=&#8221;1&#8243; hide_on_mobile=&#8221;1&#8243;][vc_images_carousel images=&#8221;1366,2594,2591,2595,2593,1367&#8243; img_size=&#8221;large&#8221; onclick=&#8221;link_no&#8221; speed=&#8221;4000&#8243; autoplay=&#8221;yes&#8221; wrap=&#8221;yes&#8221;][\/vc_column][\/vc_row][vc_row full_width=&#8221;stretch_row&#8221; hide_bg_image_on_tablet=&#8221;&#8221; hide_bg_image_on_mobile=&#8221;&#8221; row_delimiter=&#8221;&#8221; hide_on_desktop=&#8221;&#8221; hide_on_notebook=&#8221;&#8221; hide_on_tablet=&#8221;&#8221; hide_on_mobile=&#8221;&#8221; hide_on_frontpage=&#8221;&#8221; css=&#8221;.vc_custom_1528968871658{margin-top: 6vw !important;margin-bottom: -1px !important;background-image: url(https:\/\/landgutgirtenmuehle.de\/wp-content\/uploads\/2018\/04\/bg-footer.png?id=558) !important;background-position: top center !important;background-repeat: no-repeat !important;}&#8221;][vc_column hide_bg_image_on_tablet=&#8221;&#8221;&hellip;\" \/>\n<meta property=\"og:url\" content=\"https:\/\/landgutgirtenmuehle.de\/de\/bistro\/\" \/>\n<meta property=\"og:site_name\" content=\"Landgut Girtenm\u00fchle\" \/>\n<meta property=\"article:publisher\" content=\"https:\/\/www.facebook.com\/landgutgirtenmuhle\" \/>\n<meta property=\"article:modified_time\" content=\"2023-09-21T14:30:05+00:00\" \/>\n<meta name=\"twitter:card\" content=\"summary_large_image\" \/>\n<meta name=\"twitter:label1\" content=\"Geschatte leestijd\" \/>\n\t<meta name=\"twitter:data1\" content=\"5 minuten\" \/>\n<script type=\"application\/ld+json\" class=\"yoast-schema-graph\">{\"@context\":\"https:\\\/\\\/schema.org\",\"@graph\":[{\"@type\":\"WebPage\",\"@id\":\"https:\\\/\\\/landgutgirtenmuehle.de\\\/de\\\/bistro\\\/\",\"url\":\"https:\\\/\\\/landgutgirtenmuehle.de\\\/de\\\/bistro\\\/\",\"name\":\"Bistro - Landgut Girtenm\u00fchle\",\"isPartOf\":{\"@id\":\"https:\\\/\\\/landgutgirtenmuehle.de\\\/de\\\/#website\"},\"datePublished\":\"2020-04-13T19:12:58+00:00\",\"dateModified\":\"2023-09-21T14:30:05+00:00\",\"breadcrumb\":{\"@id\":\"https:\\\/\\\/landgutgirtenmuehle.de\\\/de\\\/bistro\\\/#breadcrumb\"},\"inLanguage\":\"nl-NL\",\"potentialAction\":[{\"@type\":\"ReadAction\",\"target\":[\"https:\\\/\\\/landgutgirtenmuehle.de\\\/de\\\/bistro\\\/\"]}]},{\"@type\":\"BreadcrumbList\",\"@id\":\"https:\\\/\\\/landgutgirtenmuehle.de\\\/de\\\/bistro\\\/#breadcrumb\",\"itemListElement\":[{\"@type\":\"ListItem\",\"position\":1,\"name\":\"Home\",\"item\":\"https:\\\/\\\/landgutgirtenmuehle.de\\\/nl\\\/\"},{\"@type\":\"ListItem\",\"position\":2,\"name\":\"Bistro\"}]},{\"@type\":\"WebSite\",\"@id\":\"https:\\\/\\\/landgutgirtenmuehle.de\\\/de\\\/#website\",\"url\":\"https:\\\/\\\/landgutgirtenmuehle.de\\\/de\\\/\",\"name\":\"Landgut Girtenm\u00fchle\",\"description\":\"Camping &amp; Glamping\",\"publisher\":{\"@id\":\"https:\\\/\\\/landgutgirtenmuehle.de\\\/de\\\/#organization\"},\"potentialAction\":[{\"@type\":\"SearchAction\",\"target\":{\"@type\":\"EntryPoint\",\"urlTemplate\":\"https:\\\/\\\/landgutgirtenmuehle.de\\\/de\\\/?s={search_term_string}\"},\"query-input\":{\"@type\":\"PropertyValueSpecification\",\"valueRequired\":true,\"valueName\":\"search_term_string\"}}],\"inLanguage\":\"nl-NL\"},{\"@type\":\"Organization\",\"@id\":\"https:\\\/\\\/landgutgirtenmuehle.de\\\/de\\\/#organization\",\"name\":\"Landgut Girtenm\u00fchle\",\"url\":\"https:\\\/\\\/landgutgirtenmuehle.de\\\/de\\\/\",\"logo\":{\"@type\":\"ImageObject\",\"inLanguage\":\"nl-NL\",\"@id\":\"https:\\\/\\\/landgutgirtenmuehle.de\\\/de\\\/#\\\/schema\\\/logo\\\/image\\\/\",\"url\":\"https:\\\/\\\/landgutgirtenmuehle.de\\\/wp-content\\\/uploads\\\/2020\\\/05\\\/cropped-Logo_transparant_GM-1.png\",\"contentUrl\":\"https:\\\/\\\/landgutgirtenmuehle.de\\\/wp-content\\\/uploads\\\/2020\\\/05\\\/cropped-Logo_transparant_GM-1.png\",\"width\":2979,\"height\":3480,\"caption\":\"Landgut Girtenm\u00fchle\"},\"image\":{\"@id\":\"https:\\\/\\\/landgutgirtenmuehle.de\\\/de\\\/#\\\/schema\\\/logo\\\/image\\\/\"},\"sameAs\":[\"https:\\\/\\\/www.facebook.com\\\/landgutgirtenmuhle\",\"https:\\\/\\\/www.youtube.com\\\/channel\\\/UCu-9i8h2V4CuwfmJiD1c2MA\",\"https:\\\/\\\/www.instagram.com\\\/girtenmuhle\"]}]}<\/script>\n<!-- \/ Yoast SEO plugin. -->","yoast_head_json":{"title":"Bistro - Landgut Girtenm\u00fchle","robots":{"index":"index","follow":"follow","max-snippet":"max-snippet:-1","max-image-preview":"max-image-preview:large","max-video-preview":"max-video-preview:-1"},"canonical":"https:\/\/landgutgirtenmuehle.de\/de\/bistro\/","og_locale":"nl_NL","og_type":"article","og_title":"Bistro - Landgut Girtenm\u00fchle","og_description":"[vc_row hide_bg_image_on_tablet=&#8221;&#8221; hide_bg_image_on_mobile=&#8221;&#8221; css=&#8221;.vc_custom_1528968706455{margin-top: -6vw !important;}&#8221;][vc_column width=&#8221;1\/2&#8243; hide_bg_image_on_tablet=&#8221;&#8221; hide_bg_image_on_mobile=&#8221;&#8221; icons_position=&#8221;left&#8221; css=&#8221;.vc_custom_1528968710266{margin-top: 6vw !important;}&#8221;][vc_empty_space height=&#8221;4vw&#8221; alter_height=&#8221;none&#8221; hide_on_desktop=&#8221;&#8221; hide_on_notebook=&#8221;&#8221; hide_on_tablet=&#8221;1&#8243; hide_on_mobile=&#8221;1&#8243;][\/vc_column][vc_column width=&#8221;1\/2&#8243; hide_bg_image_on_tablet=&#8221;&#8221; hide_bg_image_on_mobile=&#8221;&#8221; icons_position=&#8221;left&#8221; css=&#8221;.vc_custom_1528968714514{margin-top: 6vw !important;}&#8221;][vc_empty_space height=&#8221;7vw&#8221; alter_height=&#8221;none&#8221; hide_on_desktop=&#8221;&#8221; hide_on_notebook=&#8221;&#8221; hide_on_tablet=&#8221;1&#8243; hide_on_mobile=&#8221;1&#8243;][vc_images_carousel images=&#8221;1366,2594,2591,2595,2593,1367&#8243; img_size=&#8221;large&#8221; onclick=&#8221;link_no&#8221; speed=&#8221;4000&#8243; autoplay=&#8221;yes&#8221; wrap=&#8221;yes&#8221;][\/vc_column][\/vc_row][vc_row full_width=&#8221;stretch_row&#8221; hide_bg_image_on_tablet=&#8221;&#8221; hide_bg_image_on_mobile=&#8221;&#8221; row_delimiter=&#8221;&#8221; hide_on_desktop=&#8221;&#8221; hide_on_notebook=&#8221;&#8221; hide_on_tablet=&#8221;&#8221; hide_on_mobile=&#8221;&#8221; hide_on_frontpage=&#8221;&#8221; css=&#8221;.vc_custom_1528968871658{margin-top: 6vw !important;margin-bottom: -1px !important;background-image: url(https:\/\/landgutgirtenmuehle.de\/wp-content\/uploads\/2018\/04\/bg-footer.png?id=558) !important;background-position: top center !important;background-repeat: no-repeat !important;}&#8221;][vc_column hide_bg_image_on_tablet=&#8221;&#8221;&hellip;","og_url":"https:\/\/landgutgirtenmuehle.de\/de\/bistro\/","og_site_name":"Landgut Girtenm\u00fchle","article_publisher":"https:\/\/www.facebook.com\/landgutgirtenmuhle","article_modified_time":"2023-09-21T14:30:05+00:00","twitter_card":"summary_large_image","twitter_misc":{"Geschatte leestijd":"5 minuten"},"schema":{"@context":"https:\/\/schema.org","@graph":[{"@type":"WebPage","@id":"https:\/\/landgutgirtenmuehle.de\/de\/bistro\/","url":"https:\/\/landgutgirtenmuehle.de\/de\/bistro\/","name":"Bistro - Landgut Girtenm\u00fchle","isPartOf":{"@id":"https:\/\/landgutgirtenmuehle.de\/de\/#website"},"datePublished":"2020-04-13T19:12:58+00:00","dateModified":"2023-09-21T14:30:05+00:00","breadcrumb":{"@id":"https:\/\/landgutgirtenmuehle.de\/de\/bistro\/#breadcrumb"},"inLanguage":"nl-NL","potentialAction":[{"@type":"ReadAction","target":["https:\/\/landgutgirtenmuehle.de\/de\/bistro\/"]}]},{"@type":"BreadcrumbList","@id":"https:\/\/landgutgirtenmuehle.de\/de\/bistro\/#breadcrumb","itemListElement":[{"@type":"ListItem","position":1,"name":"Home","item":"https:\/\/landgutgirtenmuehle.de\/nl\/"},{"@type":"ListItem","position":2,"name":"Bistro"}]},{"@type":"WebSite","@id":"https:\/\/landgutgirtenmuehle.de\/de\/#website","url":"https:\/\/landgutgirtenmuehle.de\/de\/","name":"Landgut Girtenm\u00fchle","description":"Camping &amp; Glamping","publisher":{"@id":"https:\/\/landgutgirtenmuehle.de\/de\/#organization"},"potentialAction":[{"@type":"SearchAction","target":{"@type":"EntryPoint","urlTemplate":"https:\/\/landgutgirtenmuehle.de\/de\/?s={search_term_string}"},"query-input":{"@type":"PropertyValueSpecification","valueRequired":true,"valueName":"search_term_string"}}],"inLanguage":"nl-NL"},{"@type":"Organization","@id":"https:\/\/landgutgirtenmuehle.de\/de\/#organization","name":"Landgut Girtenm\u00fchle","url":"https:\/\/landgutgirtenmuehle.de\/de\/","logo":{"@type":"ImageObject","inLanguage":"nl-NL","@id":"https:\/\/landgutgirtenmuehle.de\/de\/#\/schema\/logo\/image\/","url":"https:\/\/landgutgirtenmuehle.de\/wp-content\/uploads\/2020\/05\/cropped-Logo_transparant_GM-1.png","contentUrl":"https:\/\/landgutgirtenmuehle.de\/wp-content\/uploads\/2020\/05\/cropped-Logo_transparant_GM-1.png","width":2979,"height":3480,"caption":"Landgut Girtenm\u00fchle"},"image":{"@id":"https:\/\/landgutgirtenmuehle.de\/de\/#\/schema\/logo\/image\/"},"sameAs":["https:\/\/www.facebook.com\/landgutgirtenmuhle","https:\/\/www.youtube.com\/channel\/UCu-9i8h2V4CuwfmJiD1c2MA","https:\/\/www.instagram.com\/girtenmuhle"]}]}},"_links":{"self":[{"href":"https:\/\/landgutgirtenmuehle.de\/nl\/wp-json\/wp\/v2\/pages\/1783","targetHints":{"allow":["GET"]}}],"collection":[{"href":"https:\/\/landgutgirtenmuehle.de\/nl\/wp-json\/wp\/v2\/pages"}],"about":[{"href":"https:\/\/landgutgirtenmuehle.de\/nl\/wp-json\/wp\/v2\/types\/page"}],"author":[{"embeddable":true,"href":"https:\/\/landgutgirtenmuehle.de\/nl\/wp-json\/wp\/v2\/users\/990042"}],"replies":[{"embeddable":true,"href":"https:\/\/landgutgirtenmuehle.de\/nl\/wp-json\/wp\/v2\/comments?post=1783"}],"version-history":[{"count":54,"href":"https:\/\/landgutgirtenmuehle.de\/nl\/wp-json\/wp\/v2\/pages\/1783\/revisions"}],"predecessor-version":[{"id":3512,"href":"https:\/\/landgutgirtenmuehle.de\/nl\/wp-json\/wp\/v2\/pages\/1783\/revisions\/3512"}],"wp:attachment":[{"href":"https:\/\/landgutgirtenmuehle.de\/nl\/wp-json\/wp\/v2\/media?parent=1783"}],"curies":[{"name":"wp","href":"https:\/\/api.w.org\/{rel}","templated":true}]}}