{"id":1494,"date":"2020-04-11T20:52:53","date_gmt":"2020-04-11T18:52:53","guid":{"rendered":"http:\/\/test.landgutgirtenmuehle.de\/?page_id=1494"},"modified":"2020-04-11T20:52:53","modified_gmt":"2020-04-11T18:52:53","slug":"impressum","status":"publish","type":"page","link":"https:\/\/landgutgirtenmuehle.de\/de\/impressum\/","title":{"rendered":"Impressum"},"content":{"rendered":"<div class=\"wpb-content-wrapper\"><p>[vc_row hide_bg_image_on_tablet=&#8220;&#8220; hide_bg_image_on_mobile=&#8220;&#8220;][vc_column icons_position=&#8220;left&#8220;]<div id=\"sc_content_490817002\"\n\t\tclass=\"sc_content color_style_default sc_content_default sc_float_center p70\"><div class=\"sc_content_container\">[vc_column_text]Angaben gem\u00e4\u00df \u00a7 5 TMG<\/p>\n<p>Landgut Girtenm\u00fchle GmbH<br \/>\nGirtenm\u00fchle 1<br \/>\n66679 Losheim-Britten<\/p>\n<p><strong>Vertreten durch:\u00a0<\/strong><br \/>\nW. v\/d Belt<\/p>\n<p><strong>Registereintrag:\u00a0<\/strong><br \/>\nEintragung im Handelsregister.<br \/>\nRegistergericht: Saarbr\u00fccken<br \/>\nRegisternummer: HRB103193<\/p>\n<p><strong>Umsatzsteuer-ID:\u00a0<\/strong><br \/>\nUmsatzsteuer-Identifikationsnummer gem\u00e4\u00df \u00a727a Umsatzsteuergesetz: DE306132245<\/p>\n<p><strong>Wirtschafts-ID:\u00a0<\/strong><\/p>\n<p><strong>Verantwortlich f\u00fcr den Inhalt nach \u00a7 55 Abs. 2 RStV:<\/strong><br \/>\nDominique Brouwer<br \/>\nGirtenm\u00fchle 1<br \/>\n66679 Losheim-Britten<\/p>\n<p><strong>Haftungsausschluss:\u00a0<\/strong><\/p>\n<p><strong>Haftung f\u00fcr Inhalte<\/strong><\/p>\n<p>Die Inhalte unserer Seiten wurden mit gr\u00f6\u00dfter Sorgfalt erstellt. F\u00fcr die Richtigkeit, Vollst\u00e4ndigkeit und Aktualit\u00e4t der Inhalte k\u00f6nnen wir jedoch keine Gew\u00e4hr \u00fcbernehmen. Als Diensteanbieter sind wir gem\u00e4\u00df \u00a7 7 Abs.1 TMG f\u00fcr eigene Inhalte auf diesen Seiten nach den allgemeinen Gesetzen verantwortlich. Nach \u00a7\u00a7 8 bis 10 TMG sind wir als Diensteanbieter jedoch nicht verpflichtet, \u00fcbermittelte oder gespeicherte fremde Informationen zu \u00fcberwachen oder nach Umst\u00e4nden zu forschen, die auf eine rechtswidrige T\u00e4tigkeit hinweisen. Verpflichtungen zur Entfernung oder Sperrung der Nutzung von Informationen nach den allgemeinen Gesetzen bleiben hiervon unber\u00fchrt. Eine diesbez\u00fcgliche Haftung ist jedoch erst ab dem Zeitpunkt der Kenntnis einer konkreten Rechtsverletzung m\u00f6glich. Bei Bekanntwerden von entsprechenden Rechtsverletzungen werden wir diese Inhalte umgehend entfernen.<\/p>\n<p><strong>Urheberrecht<\/strong><\/p>\n<p>Die durch die Seitenbetreiber erstellten Inhalte und Werke auf diesen Seiten unterliegen dem deutschen Urheberrecht. Die Vervielf\u00e4ltigung, Bearbeitung, Verbreitung und jede Art der Verwertung au\u00dferhalb der Grenzen des Urheberrechtes bed\u00fcrfen der schriftlichen Zustimmung des jeweiligen Autors bzw. Erstellers. Downloads und Kopien dieser Seite sind nur f\u00fcr den privaten, nicht kommerziellen Gebrauch gestattet. Soweit die Inhalte auf dieser Seite nicht vom Betreiber erstellt wurden, werden die Urheberrechte Dritter beachtet. Insbesondere werden Inhalte Dritter als solche gekennzeichnet. Sollten Sie trotzdem auf eine Urheberrechtsverletzung aufmerksam werden, bitten wir um einen entsprechenden Hinweis. Bei Bekanntwerden von Rechtsverletzungen werden wir derartige Inhalte umgehend entfernen.<\/p>\n<p><strong>Datenschutz<\/strong><\/p>\n<p>Die Nutzung unserer Webseite ist in der Regel ohne Angabe personenbezogener Daten m\u00f6glich. Soweit auf unseren Seiten personenbezogene Daten (beispielsweise Name, Anschrift oder eMail-Adressen) erhoben werden, erfolgt dies, soweit m\u00f6glich, stets auf freiwilliger Basis. Diese Daten werden ohne Ihre ausdr\u00fcckliche Zustimmung nicht an Dritte weitergegeben.<br \/>\nWir weisen darauf hin, dass die Daten\u00fcbertragung im Internet (z.B. bei der Kommunikation per E-Mail) Sicherheitsl\u00fccken aufweisen kann. Ein l\u00fcckenloser Schutz der Daten vor dem Zugriff durch Dritte ist nicht m\u00f6glich.<br \/>\nDer Nutzung von im Rahmen der Impressumspflicht ver\u00f6ffentlichten Kontaktdaten durch Dritte zur \u00dcbersendung von nicht ausdr\u00fccklich angeforderter Werbung und Informationsmaterialien wird hiermit ausdr\u00fccklich widersprochen. Die Betreiber der Seiten behalten sich ausdr\u00fccklich rechtliche Schritte im Falle der unverlangten Zusendung von Werbeinformationen, etwa durch Spam-Mails, vor.<\/p>\n<p><strong>Google Analytics<\/strong><\/p>\n<p>Diese Website benutzt Google Analytics, einen Webanalysedienst der Google Inc. (\u201cGoogle\u201c). Google Analytics verwendet sog. \u201cCookies\u201c, Textdateien, die auf Ihrem Computer gespeichert werden und die eine Analyse der Benutzung der Website durch Sie erm\u00f6glicht. Die durch den Cookie erzeugten Informationen \u00fcber Ihre Benutzung dieser Website (einschlie\u00dflich Ihrer IP-Adresse) wird an einen Server von Google in den USA \u00fcbertragen und dort gespeichert. Google wird diese Informationen benutzen, um Ihre Nutzung der Website auszuwerten, um Reports \u00fcber die Websiteaktivit\u00e4ten f\u00fcr die Websitebetreiber zusammenzustellen und um weitere mit der Websitenutzung und der Internetnutzung verbundene Dienstleistungen zu erbringen. Auch wird Google diese Informationen gegebenenfalls an Dritte \u00fcbertragen, sofern dies gesetzlich vorgeschrieben oder soweit Dritte diese Daten im Auftrag von Google verarbeiten. Google wird in keinem Fall Ihre IP-Adresse mit anderen Daten der Google in Verbindung bringen. Sie k\u00f6nnen die Installation der Cookies durch eine entsprechende Einstellung Ihrer Browser Software verhindern; wir weisen Sie jedoch darauf hin, dass Sie in diesem Fall gegebenenfalls nicht s\u00e4mtliche Funktionen dieser Website voll umf\u00e4nglich nutzen k\u00f6nnen. Durch die Nutzung dieser Website erkl\u00e4ren Sie sich mit der Bearbeitung der \u00fcber Sie erhobenen Daten durch Google in der zuvor beschriebenen Art und Weise und zu dem zuvor benannten Zweck einverstanden.[\/vc_column_text]<\/div><\/div><!-- \/.sc_content -->[vc_empty_space height=&#8220;4em&#8220; alter_height=&#8220;none&#8220; hide_on_desktop=&#8220;&#8220; hide_on_notebook=&#8220;&#8220; hide_on_tablet=&#8220;&#8220; hide_on_mobile=&#8220;&#8220;][\/vc_column][\/vc_row]<\/p>\n<\/div>","protected":false},"excerpt":{"rendered":"<p>[vc_row hide_bg_image_on_tablet=&#8220;&#8220; hide_bg_image_on_mobile=&#8220;&#8220;][vc_column icons_position=&#8220;left&#8220;][vc_empty_space height=&#8220;4em&#8220; alter_height=&#8220;none&#8220; hide_on_desktop=&#8220;&#8220; hide_on_notebook=&#8220;&#8220; hide_on_tablet=&#8220;&#8220; hide_on_mobile=&#8220;&#8220;][\/vc_column][\/vc_row]<\/p>\n","protected":false},"author":990042,"featured_media":0,"parent":0,"menu_order":0,"comment_status":"closed","ping_status":"closed","template":"","meta":{"rs_blank_template":"","rs_page_bg_color":"","slide_template_v7":"","footnotes":""},"class_list":["post-1494","page","type-page","status-publish","hentry"],"yoast_head":"<!-- This site is optimized with the Yoast SEO plugin v27.2 - https:\/\/yoast.com\/product\/yoast-seo-wordpress\/ -->\n<title>Impressum - Landgut Girtenm\u00fchle<\/title>\n<meta name=\"robots\" content=\"index, follow, max-snippet:-1, max-image-preview:large, max-video-preview:-1\" \/>\n<link rel=\"canonical\" href=\"https:\/\/landgutgirtenmuehle.de\/de\/impressum\/\" \/>\n<meta property=\"og:locale\" content=\"de_DE\" \/>\n<meta property=\"og:type\" content=\"article\" \/>\n<meta property=\"og:title\" content=\"Impressum - Landgut Girtenm\u00fchle\" \/>\n<meta property=\"og:description\" content=\"[vc_row hide_bg_image_on_tablet=&#8220;&#8220; hide_bg_image_on_mobile=&#8220;&#8220;][vc_column icons_position=&#8220;left&#8220;][vc_empty_space height=&#8220;4em&#8220; alter_height=&#8220;none&#8220; hide_on_desktop=&#8220;&#8220; hide_on_notebook=&#8220;&#8220; hide_on_tablet=&#8220;&#8220; hide_on_mobile=&#8220;&#8220;][\/vc_column][\/vc_row]\" \/>\n<meta property=\"og:url\" content=\"https:\/\/landgutgirtenmuehle.de\/de\/impressum\/\" \/>\n<meta property=\"og:site_name\" content=\"Landgut Girtenm\u00fchle\" \/>\n<meta property=\"article:publisher\" content=\"https:\/\/www.facebook.com\/landgutgirtenmuhle\" \/>\n<meta name=\"twitter:card\" content=\"summary_large_image\" \/>\n<meta name=\"twitter:label1\" content=\"Gesch\u00e4tzte Lesezeit\" \/>\n\t<meta name=\"twitter:data1\" content=\"3\u00a0Minuten\" \/>\n<script type=\"application\/ld+json\" class=\"yoast-schema-graph\">{\"@context\":\"https:\/\/schema.org\",\"@graph\":[{\"@type\":\"WebPage\",\"@id\":\"https:\/\/landgutgirtenmuehle.de\/de\/impressum\/\",\"url\":\"https:\/\/landgutgirtenmuehle.de\/de\/impressum\/\",\"name\":\"Impressum - Landgut Girtenm\u00fchle\",\"isPartOf\":{\"@id\":\"https:\/\/landgutgirtenmuehle.de\/de\/#website\"},\"datePublished\":\"2020-04-11T18:52:53+00:00\",\"breadcrumb\":{\"@id\":\"https:\/\/landgutgirtenmuehle.de\/de\/impressum\/#breadcrumb\"},\"inLanguage\":\"de\",\"potentialAction\":[{\"@type\":\"ReadAction\",\"target\":[\"https:\/\/landgutgirtenmuehle.de\/de\/impressum\/\"]}]},{\"@type\":\"BreadcrumbList\",\"@id\":\"https:\/\/landgutgirtenmuehle.de\/de\/impressum\/#breadcrumb\",\"itemListElement\":[{\"@type\":\"ListItem\",\"position\":1,\"name\":\"Home\",\"item\":\"https:\/\/landgutgirtenmuehle.de\/de\/\"},{\"@type\":\"ListItem\",\"position\":2,\"name\":\"Impressum\"}]},{\"@type\":\"WebSite\",\"@id\":\"https:\/\/landgutgirtenmuehle.de\/de\/#website\",\"url\":\"https:\/\/landgutgirtenmuehle.de\/de\/\",\"name\":\"Landgut Girtenm\u00fchle\",\"description\":\"Camping &amp; Glamping\",\"publisher\":{\"@id\":\"https:\/\/landgutgirtenmuehle.de\/de\/#organization\"},\"potentialAction\":[{\"@type\":\"SearchAction\",\"target\":{\"@type\":\"EntryPoint\",\"urlTemplate\":\"https:\/\/landgutgirtenmuehle.de\/de\/?s={search_term_string}\"},\"query-input\":{\"@type\":\"PropertyValueSpecification\",\"valueRequired\":true,\"valueName\":\"search_term_string\"}}],\"inLanguage\":\"de\"},{\"@type\":\"Organization\",\"@id\":\"https:\/\/landgutgirtenmuehle.de\/de\/#organization\",\"name\":\"Landgut Girtenm\u00fchle\",\"url\":\"https:\/\/landgutgirtenmuehle.de\/de\/\",\"logo\":{\"@type\":\"ImageObject\",\"inLanguage\":\"de\",\"@id\":\"https:\/\/landgutgirtenmuehle.de\/de\/#\/schema\/logo\/image\/\",\"url\":\"https:\/\/landgutgirtenmuehle.de\/wp-content\/uploads\/2020\/05\/cropped-Logo_transparant_GM-1.png\",\"contentUrl\":\"https:\/\/landgutgirtenmuehle.de\/wp-content\/uploads\/2020\/05\/cropped-Logo_transparant_GM-1.png\",\"width\":2979,\"height\":3480,\"caption\":\"Landgut Girtenm\u00fchle\"},\"image\":{\"@id\":\"https:\/\/landgutgirtenmuehle.de\/de\/#\/schema\/logo\/image\/\"},\"sameAs\":[\"https:\/\/www.facebook.com\/landgutgirtenmuhle\",\"https:\/\/www.youtube.com\/channel\/UCu-9i8h2V4CuwfmJiD1c2MA\",\"https:\/\/www.instagram.com\/girtenmuhle\"]}]}<\/script>\n<!-- \/ Yoast SEO plugin. -->","yoast_head_json":{"title":"Impressum - Landgut Girtenm\u00fchle","robots":{"index":"index","follow":"follow","max-snippet":"max-snippet:-1","max-image-preview":"max-image-preview:large","max-video-preview":"max-video-preview:-1"},"canonical":"https:\/\/landgutgirtenmuehle.de\/de\/impressum\/","og_locale":"de_DE","og_type":"article","og_title":"Impressum - Landgut Girtenm\u00fchle","og_description":"[vc_row hide_bg_image_on_tablet=&#8220;&#8220; hide_bg_image_on_mobile=&#8220;&#8220;][vc_column icons_position=&#8220;left&#8220;][vc_empty_space height=&#8220;4em&#8220; alter_height=&#8220;none&#8220; hide_on_desktop=&#8220;&#8220; hide_on_notebook=&#8220;&#8220; hide_on_tablet=&#8220;&#8220; hide_on_mobile=&#8220;&#8220;][\/vc_column][\/vc_row]","og_url":"https:\/\/landgutgirtenmuehle.de\/de\/impressum\/","og_site_name":"Landgut Girtenm\u00fchle","article_publisher":"https:\/\/www.facebook.com\/landgutgirtenmuhle","twitter_card":"summary_large_image","twitter_misc":{"Gesch\u00e4tzte Lesezeit":"3\u00a0Minuten"},"schema":{"@context":"https:\/\/schema.org","@graph":[{"@type":"WebPage","@id":"https:\/\/landgutgirtenmuehle.de\/de\/impressum\/","url":"https:\/\/landgutgirtenmuehle.de\/de\/impressum\/","name":"Impressum - Landgut Girtenm\u00fchle","isPartOf":{"@id":"https:\/\/landgutgirtenmuehle.de\/de\/#website"},"datePublished":"2020-04-11T18:52:53+00:00","breadcrumb":{"@id":"https:\/\/landgutgirtenmuehle.de\/de\/impressum\/#breadcrumb"},"inLanguage":"de","potentialAction":[{"@type":"ReadAction","target":["https:\/\/landgutgirtenmuehle.de\/de\/impressum\/"]}]},{"@type":"BreadcrumbList","@id":"https:\/\/landgutgirtenmuehle.de\/de\/impressum\/#breadcrumb","itemListElement":[{"@type":"ListItem","position":1,"name":"Home","item":"https:\/\/landgutgirtenmuehle.de\/de\/"},{"@type":"ListItem","position":2,"name":"Impressum"}]},{"@type":"WebSite","@id":"https:\/\/landgutgirtenmuehle.de\/de\/#website","url":"https:\/\/landgutgirtenmuehle.de\/de\/","name":"Landgut Girtenm\u00fchle","description":"Camping &amp; Glamping","publisher":{"@id":"https:\/\/landgutgirtenmuehle.de\/de\/#organization"},"potentialAction":[{"@type":"SearchAction","target":{"@type":"EntryPoint","urlTemplate":"https:\/\/landgutgirtenmuehle.de\/de\/?s={search_term_string}"},"query-input":{"@type":"PropertyValueSpecification","valueRequired":true,"valueName":"search_term_string"}}],"inLanguage":"de"},{"@type":"Organization","@id":"https:\/\/landgutgirtenmuehle.de\/de\/#organization","name":"Landgut Girtenm\u00fchle","url":"https:\/\/landgutgirtenmuehle.de\/de\/","logo":{"@type":"ImageObject","inLanguage":"de","@id":"https:\/\/landgutgirtenmuehle.de\/de\/#\/schema\/logo\/image\/","url":"https:\/\/landgutgirtenmuehle.de\/wp-content\/uploads\/2020\/05\/cropped-Logo_transparant_GM-1.png","contentUrl":"https:\/\/landgutgirtenmuehle.de\/wp-content\/uploads\/2020\/05\/cropped-Logo_transparant_GM-1.png","width":2979,"height":3480,"caption":"Landgut Girtenm\u00fchle"},"image":{"@id":"https:\/\/landgutgirtenmuehle.de\/de\/#\/schema\/logo\/image\/"},"sameAs":["https:\/\/www.facebook.com\/landgutgirtenmuhle","https:\/\/www.youtube.com\/channel\/UCu-9i8h2V4CuwfmJiD1c2MA","https:\/\/www.instagram.com\/girtenmuhle"]}]}},"_links":{"self":[{"href":"https:\/\/landgutgirtenmuehle.de\/de\/wp-json\/wp\/v2\/pages\/1494","targetHints":{"allow":["GET"]}}],"collection":[{"href":"https:\/\/landgutgirtenmuehle.de\/de\/wp-json\/wp\/v2\/pages"}],"about":[{"href":"https:\/\/landgutgirtenmuehle.de\/de\/wp-json\/wp\/v2\/types\/page"}],"author":[{"embeddable":true,"href":"https:\/\/landgutgirtenmuehle.de\/de\/wp-json\/wp\/v2\/users\/990042"}],"replies":[{"embeddable":true,"href":"https:\/\/landgutgirtenmuehle.de\/de\/wp-json\/wp\/v2\/comments?post=1494"}],"version-history":[{"count":1,"href":"https:\/\/landgutgirtenmuehle.de\/de\/wp-json\/wp\/v2\/pages\/1494\/revisions"}],"predecessor-version":[{"id":1495,"href":"https:\/\/landgutgirtenmuehle.de\/de\/wp-json\/wp\/v2\/pages\/1494\/revisions\/1495"}],"wp:attachment":[{"href":"https:\/\/landgutgirtenmuehle.de\/de\/wp-json\/wp\/v2\/media?parent=1494"}],"curies":[{"name":"wp","href":"https:\/\/api.w.org\/{rel}","templated":true}]}}