{"id":1471,"date":"2020-04-11T20:37:22","date_gmt":"2020-04-11T18:37:22","guid":{"rendered":"http:\/\/test.landgutgirtenmuehle.de\/?page_id=1471"},"modified":"2023-09-21T16:40:04","modified_gmt":"2023-09-21T14:40:04","slug":"vision","status":"publish","type":"page","link":"https:\/\/landgutgirtenmuehle.de\/de\/vision\/","title":{"rendered":"Vision"},"content":{"rendered":"<div class=\"wpb-content-wrapper\"><p>[vc_row css_animation=&#8220;none&#8220;][vc_column icons_position=&#8220;left&#8220;]<div id=\"sc_title_2013609220\"\n\t\tclass=\"sc_title color_style_default sc_title_default  vc_custom_1586630240886\"><h2 class=\"sc_item_title sc_title_title sc_align_center sc_item_title_style_default\">Was wir uns vorstellen<\/h2><h6 class=\"sc_item_subtitle sc_title_subtitle sc_align_center sc_item_title_style_default\">Mehr als nur ein Campingplatz<\/h6><\/div><!-- \/.sc_title -->[vc_row_inner][vc_column_inner icons_position=&#8220;left&#8220;][vc_column_text]Mit der Entscheidung diesen Campingplatz zu \u00fcbernehmen, erf\u00fcllten wir uns einen lang ersehnten gemeinsamen Traum: Einen Ort zu erschaffen, an dem wir zusammen leben, arbeiten und Veranstaltungen planen k\u00f6nnen. Hier im Saarland haben wir einen Ort gefunden, an dem wir all unsere W\u00fcnsche in die Realit\u00e4t umsetzen k\u00f6nnen.<\/p>\n<p>Dieser Platz bietet uns den Frieden und die Ruhe um unseren Traum, umringt von B\u00e4umen und einer einzigartigen Aussicht, zu leben.[\/vc_column_text][vc_column_text]An diesem idyllischen Ort k\u00f6nnen Menschen nicht nur ihre Ferien inmitten der Natur genie\u00dfen, sondern ebenso gemeinsam Events organisieren oder gemeinn\u00fctzige Aktivit\u00e4ten und Projekte rund um Natur und Gesellschaft planen.<\/p>\n<p>Kurz gefasst: Die M\u00f6glichkeiten sind unz\u00e4hlig!<br \/>\nIm Folgenden finden Sie ein paar Beispiele unserer Visionen. Einige sind bereits in die Tat umgesetzt, andere werden in naher Zukunft angegangen.<\/p>\n<p>Nat\u00fcrlich sind wir offen f\u00fcr weitere Ideen, praktische Hilfe und jede Form der Zuwendung. Bitte benutzen Sie <a href=\"https:\/\/landgutgirtenmuehle.dekontakt\/\">dieses Formular <\/a>um uns zu kontaktieren.[\/vc_column_text][\/vc_column_inner][\/vc_row_inner]<div id=\"sc_services_583823315\" class=\"sc_services color_style_default sc_services_default sc_services_featured_top  vc_custom_1589357171339\"><div class=\"sc_services_columns_wrap sc_item_columns sc_item_posts_container sc_item_columns_3 trx_addons_columns_wrap columns_padding_bottom\"><div class=\"trx_addons_column-1_3\"><div class=\"sc_services_item no_links with_content with_image sc_services_item_featured_top post-2070 cpt_services type-cpt_services status-publish has-post-thumbnail hentry cpt_services_group-vision\">\n\t<div class=\"post_featured with_thumb hover_icon sc_services_item_thumb\"><img loading=\"lazy\" decoding=\"async\" width=\"407\" height=\"275\" src=\"https:\/\/landgutgirtenmuehle.de\/wp-content\/uploads\/2020\/05\/semi-407x275.jpg\" class=\"attachment-the_mounty-thumb-med size-the_mounty-thumb-med wp-post-image\" alt=\"\" \/><div class=\"mask\"><\/div><div class=\"icons\"><a href=\"javascript:void(0)\" aria-hidden=\"true\" class=\"icon-015_link\"><\/a><\/div><\/div>\t\n\t<div class=\"sc_services_item_info\">\n\t\t<div class=\"sc_services_item_header\">\n\t\t\t<h4 class=\"sc_services_item_title\">Seminare<\/h4>\n\t\t\t<div class=\"sc_services_item_subtitle\"><span data-href=\"https:\/\/landgutgirtenmuehle.de\/de\/services_group\/vision\/\" title=\"View all posts in Vision\">Vision<\/span><\/div>\n\t\t<\/div>\n\t\t<\/div>\n<\/div>\n<\/div><div class=\"trx_addons_column-1_3\"><div class=\"sc_services_item no_links with_content with_image sc_services_item_featured_top post-1376 cpt_services type-cpt_services status-publish has-post-thumbnail hentry cpt_services_group-vision\">\n\t<div class=\"post_featured with_thumb hover_icon sc_services_item_thumb\"><img loading=\"lazy\" decoding=\"async\" width=\"407\" height=\"275\" src=\"https:\/\/landgutgirtenmuehle.de\/wp-content\/uploads\/2020\/04\/tree-house-407x275.jpg\" class=\"attachment-the_mounty-thumb-med size-the_mounty-thumb-med wp-post-image\" alt=\"\" \/><div class=\"mask\"><\/div><div class=\"icons\"><a href=\"javascript:void(0)\" aria-hidden=\"true\" class=\"icon-015_link\"><\/a><\/div><\/div>\t\n\t<div class=\"sc_services_item_info\">\n\t\t<div class=\"sc_services_item_header\">\n\t\t\t<h4 class=\"sc_services_item_title\">Baumh\u00e4user<\/h4>\n\t\t\t<div class=\"sc_services_item_subtitle\"><span data-href=\"https:\/\/landgutgirtenmuehle.de\/de\/services_group\/vision\/\" title=\"View all posts in Vision\">Vision<\/span><\/div>\n\t\t<\/div>\n\t\t<\/div>\n<\/div>\n<\/div><div class=\"trx_addons_column-1_3\"><div class=\"sc_services_item no_links with_content with_image sc_services_item_featured_top post-2089 cpt_services type-cpt_services status-publish has-post-thumbnail hentry cpt_services_group-vision\">\n\t<div class=\"post_featured with_thumb hover_icon sc_services_item_thumb\"><img loading=\"lazy\" decoding=\"async\" width=\"407\" height=\"275\" src=\"https:\/\/landgutgirtenmuehle.de\/wp-content\/uploads\/2020\/05\/geit-407x275.jpg\" class=\"attachment-the_mounty-thumb-med size-the_mounty-thumb-med wp-post-image\" alt=\"\" \/><div class=\"mask\"><\/div><div class=\"icons\"><a href=\"javascript:void(0)\" aria-hidden=\"true\" class=\"icon-015_link\"><\/a><\/div><\/div>\t\n\t<div class=\"sc_services_item_info\">\n\t\t<div class=\"sc_services_item_header\">\n\t\t\t<h4 class=\"sc_services_item_title\">Tierchen<\/h4>\n\t\t\t<div class=\"sc_services_item_subtitle\"><span data-href=\"https:\/\/landgutgirtenmuehle.de\/de\/services_group\/vision\/\" title=\"View all posts in Vision\">Vision<\/span><\/div>\n\t\t<\/div>\n\t\t<\/div>\n<\/div>\n<\/div><\/div><\/div><!-- \/.sc_services -->[vc_empty_space height=&#8220;5.8vw&#8220; alter_height=&#8220;none&#8220; hide_on_desktop=&#8220;&#8220; hide_on_notebook=&#8220;&#8220; hide_on_tablet=&#8220;&#8220; hide_on_mobile=&#8220;&#8220;][\/vc_column][\/vc_row][vc_row full_width=&#8220;stretch_row&#8220; hide_bg_image_on_tablet=&#8220;&#8220; hide_bg_image_on_mobile=&#8220;&#8220; css=&#8220;.vc_custom_1586527636612{background-image: url(https:\/\/landgutgirtenmuehle.de\/wp-content\/uploads\/2020\/04\/forest.jpg?id=1402) !important;background-position: center !important;background-repeat: no-repeat !important;background-size: cover !important;}&#8220;][vc_column icons_position=&#8220;left&#8220;][vc_empty_space height=&#8220;10.8vw&#8220; alter_height=&#8220;none&#8220; hide_on_desktop=&#8220;&#8220; hide_on_notebook=&#8220;&#8220; hide_on_tablet=&#8220;&#8220; hide_on_mobile=&#8220;&#8220;]<div  id=\"sc_action_1122599648\" \n\tclass=\"sc_action color_style_default scheme_dark sc_action_default\"><div class=\"sc_action_content sc_item_content\"><div class=\"sc_action_item sc_action_item_default sc_action_item_mc\">\n\t\t\t<h6 class=\"sc_action_item_subtitle\"><span>Aufenthalt buchen<\/span><\/h6><h3 class=\"sc_action_item_title\"><span>Verbringen Sie<\/span><span><\/span><span>Ihre Ferien bei uns<\/span><\/h3><div class=\"sc_action_item_description\"><span>Sie w\u00fcnschen sich etwas Besonderes?<\/span><span><\/span><span>Buchen Sie eine Nacht im Weinfass, Kota, Wohnwagen<\/span><span><\/span><span>oder ein Luxuszelt mit einem geliebten Menschen!<\/span><\/div><a href=\"\/de\/disclaimer\" class=\"sc_action_item_link sc_button sc_button_size_medium\">Jetzt buchen<\/a><div class=\"sc_action_item_info\"><span>Diesen<\/span><span><\/span><span>Sommer!<\/span><\/div><\/div><\/div><\/div><!-- \/.sc_action -->[vc_empty_space height=&#8220;9vw&#8220; alter_height=&#8220;none&#8220; hide_on_desktop=&#8220;&#8220; hide_on_notebook=&#8220;&#8220; hide_on_tablet=&#8220;&#8220; hide_on_mobile=&#8220;&#8220;][\/vc_column][\/vc_row]<\/p>\n<\/div>","protected":false},"excerpt":{"rendered":"<p>[vc_row css_animation=&#8220;none&#8220;][vc_column icons_position=&#8220;left&#8220;][vc_row_inner][vc_column_inner icons_position=&#8220;left&#8220;][vc_column_text]Mit der Entscheidung diesen Campingplatz zu \u00fcbernehmen, erf\u00fcllten wir uns einen lang ersehnten gemeinsamen Traum: Einen Ort zu erschaffen, an dem wir zusammen leben, arbeiten und Veranstaltungen planen k\u00f6nnen. Hier im Saarland haben wir einen Ort gefunden, an dem wir all unsere W\u00fcnsche in die Realit\u00e4t umsetzen k\u00f6nnen. Dieser Platz bietet uns den Frieden und die Ruhe&hellip;<\/p>\n","protected":false},"author":990042,"featured_media":0,"parent":0,"menu_order":0,"comment_status":"closed","ping_status":"closed","template":"","meta":{"rs_blank_template":"","rs_page_bg_color":"","slide_template_v7":"","footnotes":""},"class_list":["post-1471","page","type-page","status-publish","hentry"],"yoast_head":"<!-- This site is optimized with the Yoast SEO plugin v27.2 - https:\/\/yoast.com\/product\/yoast-seo-wordpress\/ -->\n<title>Vision - Landgut Girtenm\u00fchle<\/title>\n<meta name=\"robots\" content=\"index, follow, max-snippet:-1, max-image-preview:large, max-video-preview:-1\" \/>\n<link rel=\"canonical\" href=\"https:\/\/landgutgirtenmuehle.de\/de\/vision\/\" \/>\n<meta property=\"og:locale\" content=\"de_DE\" \/>\n<meta property=\"og:type\" content=\"article\" \/>\n<meta property=\"og:title\" content=\"Vision - Landgut Girtenm\u00fchle\" \/>\n<meta property=\"og:description\" content=\"[vc_row css_animation=&#8220;none&#8220;][vc_column icons_position=&#8220;left&#8220;][vc_row_inner][vc_column_inner icons_position=&#8220;left&#8220;][vc_column_text]Mit der Entscheidung diesen Campingplatz zu \u00fcbernehmen, erf\u00fcllten wir uns einen lang ersehnten gemeinsamen Traum: Einen Ort zu erschaffen, an dem wir zusammen leben, arbeiten und Veranstaltungen planen k\u00f6nnen. Hier im Saarland haben wir einen Ort gefunden, an dem wir all unsere W\u00fcnsche in die Realit\u00e4t umsetzen k\u00f6nnen. Dieser Platz bietet uns den Frieden und die Ruhe&hellip;\" \/>\n<meta property=\"og:url\" content=\"https:\/\/landgutgirtenmuehle.de\/de\/vision\/\" \/>\n<meta property=\"og:site_name\" content=\"Landgut Girtenm\u00fchle\" \/>\n<meta property=\"article:publisher\" content=\"https:\/\/www.facebook.com\/landgutgirtenmuhle\" \/>\n<meta property=\"article:modified_time\" content=\"2023-09-21T14:40:04+00:00\" \/>\n<meta name=\"twitter:card\" content=\"summary_large_image\" \/>\n<meta name=\"twitter:label1\" content=\"Gesch\u00e4tzte Lesezeit\" \/>\n\t<meta name=\"twitter:data1\" content=\"2\u00a0Minuten\" \/>\n<script type=\"application\/ld+json\" class=\"yoast-schema-graph\">{\"@context\":\"https:\/\/schema.org\",\"@graph\":[{\"@type\":\"WebPage\",\"@id\":\"https:\/\/landgutgirtenmuehle.de\/de\/vision\/\",\"url\":\"https:\/\/landgutgirtenmuehle.de\/de\/vision\/\",\"name\":\"Vision - Landgut Girtenm\u00fchle\",\"isPartOf\":{\"@id\":\"https:\/\/landgutgirtenmuehle.de\/de\/#website\"},\"datePublished\":\"2020-04-11T18:37:22+00:00\",\"dateModified\":\"2023-09-21T14:40:04+00:00\",\"breadcrumb\":{\"@id\":\"https:\/\/landgutgirtenmuehle.de\/de\/vision\/#breadcrumb\"},\"inLanguage\":\"de\",\"potentialAction\":[{\"@type\":\"ReadAction\",\"target\":[\"https:\/\/landgutgirtenmuehle.de\/de\/vision\/\"]}]},{\"@type\":\"BreadcrumbList\",\"@id\":\"https:\/\/landgutgirtenmuehle.de\/de\/vision\/#breadcrumb\",\"itemListElement\":[{\"@type\":\"ListItem\",\"position\":1,\"name\":\"Home\",\"item\":\"https:\/\/landgutgirtenmuehle.de\/de\/\"},{\"@type\":\"ListItem\",\"position\":2,\"name\":\"Vision\"}]},{\"@type\":\"WebSite\",\"@id\":\"https:\/\/landgutgirtenmuehle.de\/de\/#website\",\"url\":\"https:\/\/landgutgirtenmuehle.de\/de\/\",\"name\":\"Landgut Girtenm\u00fchle\",\"description\":\"Camping &amp; Glamping\",\"publisher\":{\"@id\":\"https:\/\/landgutgirtenmuehle.de\/de\/#organization\"},\"potentialAction\":[{\"@type\":\"SearchAction\",\"target\":{\"@type\":\"EntryPoint\",\"urlTemplate\":\"https:\/\/landgutgirtenmuehle.de\/de\/?s={search_term_string}\"},\"query-input\":{\"@type\":\"PropertyValueSpecification\",\"valueRequired\":true,\"valueName\":\"search_term_string\"}}],\"inLanguage\":\"de\"},{\"@type\":\"Organization\",\"@id\":\"https:\/\/landgutgirtenmuehle.de\/de\/#organization\",\"name\":\"Landgut Girtenm\u00fchle\",\"url\":\"https:\/\/landgutgirtenmuehle.de\/de\/\",\"logo\":{\"@type\":\"ImageObject\",\"inLanguage\":\"de\",\"@id\":\"https:\/\/landgutgirtenmuehle.de\/de\/#\/schema\/logo\/image\/\",\"url\":\"https:\/\/landgutgirtenmuehle.de\/wp-content\/uploads\/2020\/05\/cropped-Logo_transparant_GM-1.png\",\"contentUrl\":\"https:\/\/landgutgirtenmuehle.de\/wp-content\/uploads\/2020\/05\/cropped-Logo_transparant_GM-1.png\",\"width\":2979,\"height\":3480,\"caption\":\"Landgut Girtenm\u00fchle\"},\"image\":{\"@id\":\"https:\/\/landgutgirtenmuehle.de\/de\/#\/schema\/logo\/image\/\"},\"sameAs\":[\"https:\/\/www.facebook.com\/landgutgirtenmuhle\",\"https:\/\/www.youtube.com\/channel\/UCu-9i8h2V4CuwfmJiD1c2MA\",\"https:\/\/www.instagram.com\/girtenmuhle\"]}]}<\/script>\n<!-- \/ Yoast SEO plugin. -->","yoast_head_json":{"title":"Vision - Landgut Girtenm\u00fchle","robots":{"index":"index","follow":"follow","max-snippet":"max-snippet:-1","max-image-preview":"max-image-preview:large","max-video-preview":"max-video-preview:-1"},"canonical":"https:\/\/landgutgirtenmuehle.de\/de\/vision\/","og_locale":"de_DE","og_type":"article","og_title":"Vision - Landgut Girtenm\u00fchle","og_description":"[vc_row css_animation=&#8220;none&#8220;][vc_column icons_position=&#8220;left&#8220;][vc_row_inner][vc_column_inner icons_position=&#8220;left&#8220;][vc_column_text]Mit der Entscheidung diesen Campingplatz zu \u00fcbernehmen, erf\u00fcllten wir uns einen lang ersehnten gemeinsamen Traum: Einen Ort zu erschaffen, an dem wir zusammen leben, arbeiten und Veranstaltungen planen k\u00f6nnen. Hier im Saarland haben wir einen Ort gefunden, an dem wir all unsere W\u00fcnsche in die Realit\u00e4t umsetzen k\u00f6nnen. Dieser Platz bietet uns den Frieden und die Ruhe&hellip;","og_url":"https:\/\/landgutgirtenmuehle.de\/de\/vision\/","og_site_name":"Landgut Girtenm\u00fchle","article_publisher":"https:\/\/www.facebook.com\/landgutgirtenmuhle","article_modified_time":"2023-09-21T14:40:04+00:00","twitter_card":"summary_large_image","twitter_misc":{"Gesch\u00e4tzte Lesezeit":"2\u00a0Minuten"},"schema":{"@context":"https:\/\/schema.org","@graph":[{"@type":"WebPage","@id":"https:\/\/landgutgirtenmuehle.de\/de\/vision\/","url":"https:\/\/landgutgirtenmuehle.de\/de\/vision\/","name":"Vision - Landgut Girtenm\u00fchle","isPartOf":{"@id":"https:\/\/landgutgirtenmuehle.de\/de\/#website"},"datePublished":"2020-04-11T18:37:22+00:00","dateModified":"2023-09-21T14:40:04+00:00","breadcrumb":{"@id":"https:\/\/landgutgirtenmuehle.de\/de\/vision\/#breadcrumb"},"inLanguage":"de","potentialAction":[{"@type":"ReadAction","target":["https:\/\/landgutgirtenmuehle.de\/de\/vision\/"]}]},{"@type":"BreadcrumbList","@id":"https:\/\/landgutgirtenmuehle.de\/de\/vision\/#breadcrumb","itemListElement":[{"@type":"ListItem","position":1,"name":"Home","item":"https:\/\/landgutgirtenmuehle.de\/de\/"},{"@type":"ListItem","position":2,"name":"Vision"}]},{"@type":"WebSite","@id":"https:\/\/landgutgirtenmuehle.de\/de\/#website","url":"https:\/\/landgutgirtenmuehle.de\/de\/","name":"Landgut Girtenm\u00fchle","description":"Camping &amp; Glamping","publisher":{"@id":"https:\/\/landgutgirtenmuehle.de\/de\/#organization"},"potentialAction":[{"@type":"SearchAction","target":{"@type":"EntryPoint","urlTemplate":"https:\/\/landgutgirtenmuehle.de\/de\/?s={search_term_string}"},"query-input":{"@type":"PropertyValueSpecification","valueRequired":true,"valueName":"search_term_string"}}],"inLanguage":"de"},{"@type":"Organization","@id":"https:\/\/landgutgirtenmuehle.de\/de\/#organization","name":"Landgut Girtenm\u00fchle","url":"https:\/\/landgutgirtenmuehle.de\/de\/","logo":{"@type":"ImageObject","inLanguage":"de","@id":"https:\/\/landgutgirtenmuehle.de\/de\/#\/schema\/logo\/image\/","url":"https:\/\/landgutgirtenmuehle.de\/wp-content\/uploads\/2020\/05\/cropped-Logo_transparant_GM-1.png","contentUrl":"https:\/\/landgutgirtenmuehle.de\/wp-content\/uploads\/2020\/05\/cropped-Logo_transparant_GM-1.png","width":2979,"height":3480,"caption":"Landgut Girtenm\u00fchle"},"image":{"@id":"https:\/\/landgutgirtenmuehle.de\/de\/#\/schema\/logo\/image\/"},"sameAs":["https:\/\/www.facebook.com\/landgutgirtenmuhle","https:\/\/www.youtube.com\/channel\/UCu-9i8h2V4CuwfmJiD1c2MA","https:\/\/www.instagram.com\/girtenmuhle"]}]}},"_links":{"self":[{"href":"https:\/\/landgutgirtenmuehle.de\/de\/wp-json\/wp\/v2\/pages\/1471","targetHints":{"allow":["GET"]}}],"collection":[{"href":"https:\/\/landgutgirtenmuehle.de\/de\/wp-json\/wp\/v2\/pages"}],"about":[{"href":"https:\/\/landgutgirtenmuehle.de\/de\/wp-json\/wp\/v2\/types\/page"}],"author":[{"embeddable":true,"href":"https:\/\/landgutgirtenmuehle.de\/de\/wp-json\/wp\/v2\/users\/990042"}],"replies":[{"embeddable":true,"href":"https:\/\/landgutgirtenmuehle.de\/de\/wp-json\/wp\/v2\/comments?post=1471"}],"version-history":[{"count":26,"href":"https:\/\/landgutgirtenmuehle.de\/de\/wp-json\/wp\/v2\/pages\/1471\/revisions"}],"predecessor-version":[{"id":3524,"href":"https:\/\/landgutgirtenmuehle.de\/de\/wp-json\/wp\/v2\/pages\/1471\/revisions\/3524"}],"wp:attachment":[{"href":"https:\/\/landgutgirtenmuehle.de\/de\/wp-json\/wp\/v2\/media?parent=1471"}],"curies":[{"name":"wp","href":"https:\/\/api.w.org\/{rel}","templated":true}]}}