{"id":1453,"date":"2020-04-11T15:04:13","date_gmt":"2020-04-11T13:04:13","guid":{"rendered":"http:\/\/test.landgutgirtenmuehle.de\/?page_id=1453"},"modified":"2023-09-21T16:27:20","modified_gmt":"2023-09-21T14:27:20","slug":"bewertungen","status":"publish","type":"page","link":"https:\/\/landgutgirtenmuehle.de\/de\/bewertungen\/","title":{"rendered":"Bewertungen"},"content":{"rendered":"<div class=\"wpb-content-wrapper\"><p>[vc_row full_width=&#8220;stretch_row_content_no_spaces&#8220; css_animation=&#8220;none&#8220; hide_bg_image_on_tablet=&#8220;&#8220; hide_bg_image_on_mobile=&#8220;&#8220;][vc_column icons_position=&#8220;left&#8220;][vc_empty_space height=&#8220;5.2vw&#8220; alter_height=&#8220;none&#8220; hide_on_desktop=&#8220;&#8220; hide_on_notebook=&#8220;&#8220; hide_on_tablet=&#8220;&#8220; hide_on_mobile=&#8220;&#8220;]<div  id=\"sc_testimonials_1572032037\"\t\tclass=\"sc_testimonials color_style_default sc_testimonials_default\"><h2 class=\"sc_item_title sc_testimonials_title sc_align_center sc_item_title_style_default\">Was Besucher sagen<\/h2><h6 class=\"sc_item_subtitle sc_testimonials_subtitle sc_align_center sc_item_title_style_default\">Bewertungen<\/h6><div class=\"sc_testimonials_columns_wrap sc_item_columns trx_addons_columns_wrap columns_padding_bottom\"><div class=\"trx_addons_column-1_3\"><div class=\"sc_testimonials_item\">\n        <div class=\"sc_testimonials_item_content\"><p>We camped here for a night and loved it. We will definitely be back! Fresh bread, friendly owners, clean bathrooms, and right on a walking trail and creek. \ud83d\udc9c\ud83d\udc9c<\/p>\n<p><i class=\"icon-star\">\u00a0<\/i><i class=\"icon-star\">\u00a0<\/i><i class=\"icon-star\"> \u00a0<\/i><i class=\"icon-star\">\u00a0<\/i><i class=\"icon-star\">\u00a0<\/i><\/p>\n<\/div>\n    <div class=\"sc_testimonials_item_author_data\">\n        <h4 class=\"sc_testimonials_item_author_title\">Elizabeth<\/h4>\n        <div class=\"sc_testimonials_item_author_subtitle\">via Google Reviews<\/div>\n    <\/div>\n<\/div>\n<\/div><div class=\"trx_addons_column-1_3\"><div class=\"sc_testimonials_item\">\n        <div class=\"sc_testimonials_item_content\"><p>Voor ons was het de tweede keer op deze mooie camping. De faciliteiten zijn er duidelijk op vooruit gegaan. En de gastvrije sfeer is nog steeds geweldig! Het is een camping in ontwikkeling en dat belooft veel goeds voor de komende jaren. Als je jezelf van de camping met het gezellige terras (met lokale drankjes en huisgemaakt gebak) weet los te maken, kun je prachtige wandelingen in de omgeving maken (o.a. Traumschleifen). Op 30 minuten rijden is de prachtige stad Trier een bezoek waard.<br \/>\nVoor ons staat vast dat we hier vaker zullen terugkomen!<\/p>\n<p><i class=\"icon-star\">\u00a0<\/i><i class=\"icon-star\">\u00a0<\/i><i class=\"icon-star\">\u00a0<\/i><i class=\"icon-star\">\u00a0<\/i><i class=\"icon-star\">\u00a0<\/i><\/p>\n<\/div>\n    <div class=\"sc_testimonials_item_author_data\">\n        <h4 class=\"sc_testimonials_item_author_title\">Gert-Jan Van Barneveld<\/h4>\n        <div class=\"sc_testimonials_item_author_subtitle\">via Google Reviews<\/div>\n    <\/div>\n<\/div>\n<\/div><div class=\"trx_addons_column-1_3\"><div class=\"sc_testimonials_item\">\n        <div class=\"sc_testimonials_item_content\"><p>Sehr nette Betreiber, super sch\u00f6n am Wald mit Bachlauf gelegen. Einfach ein sehr lauschiges Pl\u00e4tzchen. Super Atmosph\u00e4re und tolle Wander und Radwege.<\/p>\n<p><i class=\"icon-star\">\u00a0<\/i><i class=\"icon-star\">\u00a0<\/i><i class=\"icon-star\"> \u00a0<\/i><i class=\"icon-star\">\u00a0<\/i><\/p>\n<\/div>\n    <div class=\"sc_testimonials_item_author_data\">\n        <h4 class=\"sc_testimonials_item_author_title\">Jannis H\u00fcppe<\/h4>\n        <div class=\"sc_testimonials_item_author_subtitle\">via Google Reviews<\/div>\n    <\/div>\n<\/div>\n<\/div><div class=\"trx_addons_column-1_3\"><div class=\"sc_testimonials_item\">\n        <div class=\"sc_testimonials_item_content\"><p>Toller Zeltplatz mit jungem holl\u00e4ndischem Team welche ein neues interessantes Konzept verwirklicht haben. Famili\u00e4r, leger und hipp. Toll in der Natur gelegen. Kleine Bar abends mit Feuerstelle. Wir haben hier 12 wunderbare Tage verbracht und viele interessante Menschen kennengelernt.<br \/>\nAuch f\u00fcr Alleinreisende interessant.<\/p>\n<p><i class=\"icon-star\">\u00a0<\/i><i class=\"icon-star\">\u00a0<\/i><i class=\"icon-star\"> \u00a0<\/i><i class=\"icon-star\">\u00a0<\/i><i class=\"icon-star\">\u00a0<\/i><\/p>\n<\/div>\n    <div class=\"sc_testimonials_item_author_data\">\n        <h4 class=\"sc_testimonials_item_author_title\">Joachim Teufel<\/h4>\n        <div class=\"sc_testimonials_item_author_subtitle\">via Google Reviews<\/div>\n    <\/div>\n<\/div>\n<\/div><div class=\"trx_addons_column-1_3\"><div class=\"sc_testimonials_item\">\n        <div class=\"sc_testimonials_item_content\"><p>Gezellige camping met een ongedwongen sfeer. Vriendelijk geprijsd. Sanitair in orde en schoon. Vanwege Covid19 wat weinig afwasplekken (2 in plaats van 4) maar daar kan de camping natuurlijk niets aan doen.<\/p>\n<p><i class=\"icon-star\">\u00a0<\/i><i class=\"icon-star\">\u00a0<\/i><i class=\"icon-star\">\u00a0<\/i><i class=\"icon-star\">\u00a0<\/i><\/p>\n<\/div>\n    <div class=\"sc_testimonials_item_author_data\">\n        <h4 class=\"sc_testimonials_item_author_title\">Robert van den Boogaard<\/h4>\n        <div class=\"sc_testimonials_item_author_subtitle\">via Google Reviews<\/div>\n    <\/div>\n<\/div>\n<\/div><div class=\"trx_addons_column-1_3\"><div class=\"sc_testimonials_item\">\n        <div class=\"sc_testimonials_item_content\"><p>Lovely Place, Friendly Staff, everything has a very personal touch. We loved staying here!<\/p>\n<p><i class=\"icon-star\">\u00a0<\/i><i class=\"icon-star\">\u00a0<\/i><i class=\"icon-star\"> \u00a0<\/i><i class=\"icon-star\">\u00a0<\/i><i class=\"icon-star\">\u00a0<\/i><\/p>\n<\/div>\n    <div class=\"sc_testimonials_item_author_data\">\n        <h4 class=\"sc_testimonials_item_author_title\">Alex Houpert<\/h4>\n        <div class=\"sc_testimonials_item_author_subtitle\">via Google Reviews<\/div>\n    <\/div>\n<\/div>\n<\/div><div class=\"trx_addons_column-1_3\"><div class=\"sc_testimonials_item\">\n        <div class=\"sc_testimonials_item_content\"><p>Super team, dedicated, always full of energy and inspirational new ideas. Enjoy, do and relax. All ages and kindness and friendliness is all inclusive.<\/p>\n<p><i class=\"icon-star\"> <\/i><i class=\"icon-star\"> <\/i><i class=\"icon-star\"> <\/i><i class=\"icon-star\"> <\/i><i class=\"icon-star\"> <\/i><\/p>\n<\/div>\n    <div class=\"sc_testimonials_item_author_data\">\n        <h4 class=\"sc_testimonials_item_author_title\">Ruud Wilgenkamp<\/h4>\n        <div class=\"sc_testimonials_item_author_subtitle\">via Google Reviews<\/div>\n    <\/div>\n<\/div>\n<\/div><div class=\"trx_addons_column-1_3\"><div class=\"sc_testimonials_item\">\n        <div class=\"sc_testimonials_item_content\"><p>Awesome camping! The staff is super friendly and helpful, the location is splendid amidst beautiful nature and by a lovely little creek. We really enjoyed our stay in this little paradise!<\/p>\n<p><i class=\"icon-star\">\u00a0<\/i><i class=\"icon-star\">\u00a0<\/i><i class=\"icon-star\">\u00a0<\/i><i class=\"icon-star\">\u00a0<\/i><i class=\"icon-star\">\u00a0<\/i><\/p>\n<\/div>\n    <div class=\"sc_testimonials_item_author_data\">\n        <h4 class=\"sc_testimonials_item_author_title\">Bart Stoop<\/h4>\n        <div class=\"sc_testimonials_item_author_subtitle\">via Google Reviews<\/div>\n    <\/div>\n<\/div>\n<\/div><div class=\"trx_addons_column-1_3\"><div class=\"sc_testimonials_item\">\n        <div class=\"sc_testimonials_item_content\"><p>Great place and great service, highly recommended. Don&#8217;t forget to check the awesome hiking routes, especially the Bergener route!<\/p>\n<p><i class=\"icon-star\"> <\/i><i class=\"icon-star\"> <\/i><i class=\"icon-star\"> <\/i><i class=\"icon-star\"> <\/i><i class=\"icon-star\"> <\/i><\/p>\n<\/div>\n    <div class=\"sc_testimonials_item_author_data\">\n        <h4 class=\"sc_testimonials_item_author_title\">Ioannis Baltzakis<\/h4>\n        <div class=\"sc_testimonials_item_author_subtitle\">via Google Reviews<\/div>\n    <\/div>\n<\/div>\n<\/div><\/div><\/div><!-- \/.sc_testimonials -->[vc_empty_space height=&#8220;5.2vw&#8220; alter_height=&#8220;none&#8220; hide_on_desktop=&#8220;&#8220; hide_on_notebook=&#8220;&#8220; hide_on_tablet=&#8220;&#8220; hide_on_mobile=&#8220;&#8220;][\/vc_column][\/vc_row][vc_row full_width=&#8220;stretch_row&#8220; hide_bg_image_on_tablet=&#8220;&#8220; hide_bg_image_on_mobile=&#8220;&#8220; css=&#8220;.vc_custom_1586527636612{background-image: url(https:\/\/landgutgirtenmuehle.de\/wp-content\/uploads\/2020\/04\/forest.jpg?id=1402) !important;background-position: center !important;background-repeat: no-repeat !important;background-size: cover !important;}&#8220;][vc_column icons_position=&#8220;left&#8220;][vc_empty_space height=&#8220;10.8vw&#8220; alter_height=&#8220;none&#8220; hide_on_desktop=&#8220;&#8220; hide_on_notebook=&#8220;&#8220; hide_on_tablet=&#8220;&#8220; hide_on_mobile=&#8220;&#8220;]<div  id=\"sc_action_1267144714\" \n\tclass=\"sc_action color_style_default scheme_dark sc_action_default\"><div class=\"sc_action_content sc_item_content\"><div class=\"sc_action_item sc_action_item_default sc_action_item_mc\">\n\t\t\t<h6 class=\"sc_action_item_subtitle\"><span>Aufenthalt buchen<\/span><\/h6><h3 class=\"sc_action_item_title\"><span>Verbringen Sie<\/span><span><\/span><span>Ihre Ferien bei uns<\/span><\/h3><div class=\"sc_action_item_description\"><span>Sie w\u00fcnschen sich etwas Besonderes?<\/span><span><\/span><span>Buchen Sie eine Nacht im Weinfass, Kota, Wohnwagen<\/span><span><\/span><span>oder ein Luxuszelt mit einem geliebten Menschen!<\/span><\/div><a href=\"\/disclaimer\" class=\"sc_action_item_link sc_button sc_button_size_medium\">Jetzt buchen<\/a><div class=\"sc_action_item_info\"><span>Diesen<\/span><span><\/span><span>Sommer!<\/span><\/div><\/div><\/div><\/div><!-- \/.sc_action -->[vc_empty_space height=&#8220;9vw&#8220; alter_height=&#8220;none&#8220; hide_on_desktop=&#8220;&#8220; hide_on_notebook=&#8220;&#8220; hide_on_tablet=&#8220;&#8220; hide_on_mobile=&#8220;&#8220;][\/vc_column][\/vc_row]<\/p>\n<\/div>","protected":false},"excerpt":{"rendered":"<p>[vc_row full_width=&#8220;stretch_row_content_no_spaces&#8220; css_animation=&#8220;none&#8220; hide_bg_image_on_tablet=&#8220;&#8220; hide_bg_image_on_mobile=&#8220;&#8220;][vc_column icons_position=&#8220;left&#8220;][vc_empty_space height=&#8220;5.2vw&#8220; alter_height=&#8220;none&#8220; hide_on_desktop=&#8220;&#8220; hide_on_notebook=&#8220;&#8220; hide_on_tablet=&#8220;&#8220; hide_on_mobile=&#8220;&#8220;][vc_empty_space height=&#8220;5.2vw&#8220; alter_height=&#8220;none&#8220; hide_on_desktop=&#8220;&#8220; hide_on_notebook=&#8220;&#8220; hide_on_tablet=&#8220;&#8220; hide_on_mobile=&#8220;&#8220;][\/vc_column][\/vc_row][vc_row full_width=&#8220;stretch_row&#8220; hide_bg_image_on_tablet=&#8220;&#8220; hide_bg_image_on_mobile=&#8220;&#8220; css=&#8220;.vc_custom_1586527636612{background-image: url(https:\/\/landgutgirtenmuehle.de\/wp-content\/uploads\/2020\/04\/forest.jpg?id=1402) !important;background-position: center !important;background-repeat: no-repeat !important;background-size: cover !important;}&#8220;][vc_column icons_position=&#8220;left&#8220;][vc_empty_space height=&#8220;10.8vw&#8220; alter_height=&#8220;none&#8220; hide_on_desktop=&#8220;&#8220; hide_on_notebook=&#8220;&#8220; hide_on_tablet=&#8220;&#8220; hide_on_mobile=&#8220;&#8220;][vc_empty_space height=&#8220;9vw&#8220; alter_height=&#8220;none&#8220; hide_on_desktop=&#8220;&#8220; hide_on_notebook=&#8220;&#8220; hide_on_tablet=&#8220;&#8220; hide_on_mobile=&#8220;&#8220;][\/vc_column][\/vc_row]<\/p>\n","protected":false},"author":990042,"featured_media":0,"parent":0,"menu_order":0,"comment_status":"closed","ping_status":"closed","template":"","meta":{"rs_blank_template":"","rs_page_bg_color":"","slide_template_v7":"","footnotes":""},"class_list":["post-1453","page","type-page","status-publish","hentry"],"yoast_head":"<!-- This site is optimized with the Yoast SEO plugin v27.2 - https:\/\/yoast.com\/product\/yoast-seo-wordpress\/ -->\n<title>Bewertungen - Landgut Girtenm\u00fchle<\/title>\n<meta name=\"robots\" content=\"index, follow, max-snippet:-1, max-image-preview:large, max-video-preview:-1\" \/>\n<link rel=\"canonical\" href=\"https:\/\/landgutgirtenmuehle.de\/de\/bewertungen\/\" \/>\n<meta property=\"og:locale\" content=\"de_DE\" \/>\n<meta property=\"og:type\" content=\"article\" \/>\n<meta property=\"og:title\" content=\"Bewertungen - Landgut Girtenm\u00fchle\" \/>\n<meta property=\"og:description\" content=\"[vc_row full_width=&#8220;stretch_row_content_no_spaces&#8220; css_animation=&#8220;none&#8220; hide_bg_image_on_tablet=&#8220;&#8220; hide_bg_image_on_mobile=&#8220;&#8220;][vc_column icons_position=&#8220;left&#8220;][vc_empty_space height=&#8220;5.2vw&#8220; alter_height=&#8220;none&#8220; hide_on_desktop=&#8220;&#8220; hide_on_notebook=&#8220;&#8220; hide_on_tablet=&#8220;&#8220; hide_on_mobile=&#8220;&#8220;][vc_empty_space height=&#8220;5.2vw&#8220; alter_height=&#8220;none&#8220; hide_on_desktop=&#8220;&#8220; hide_on_notebook=&#8220;&#8220; hide_on_tablet=&#8220;&#8220; hide_on_mobile=&#8220;&#8220;][\/vc_column][\/vc_row][vc_row full_width=&#8220;stretch_row&#8220; hide_bg_image_on_tablet=&#8220;&#8220; hide_bg_image_on_mobile=&#8220;&#8220; css=&#8220;.vc_custom_1586527636612{background-image: url(https:\/\/landgutgirtenmuehle.de\/wp-content\/uploads\/2020\/04\/forest.jpg?id=1402) !important;background-position: center !important;background-repeat: no-repeat !important;background-size: cover !important;}&#8220;][vc_column icons_position=&#8220;left&#8220;][vc_empty_space height=&#8220;10.8vw&#8220; alter_height=&#8220;none&#8220; hide_on_desktop=&#8220;&#8220; hide_on_notebook=&#8220;&#8220; hide_on_tablet=&#8220;&#8220; hide_on_mobile=&#8220;&#8220;][vc_empty_space height=&#8220;9vw&#8220; alter_height=&#8220;none&#8220; hide_on_desktop=&#8220;&#8220; hide_on_notebook=&#8220;&#8220; hide_on_tablet=&#8220;&#8220; hide_on_mobile=&#8220;&#8220;][\/vc_column][\/vc_row]\" \/>\n<meta property=\"og:url\" content=\"https:\/\/landgutgirtenmuehle.de\/de\/bewertungen\/\" \/>\n<meta property=\"og:site_name\" content=\"Landgut Girtenm\u00fchle\" \/>\n<meta property=\"article:publisher\" content=\"https:\/\/www.facebook.com\/landgutgirtenmuhle\" \/>\n<meta property=\"article:modified_time\" content=\"2023-09-21T14:27:20+00:00\" \/>\n<meta name=\"twitter:card\" content=\"summary_large_image\" \/>\n<meta name=\"twitter:label1\" content=\"Gesch\u00e4tzte Lesezeit\" \/>\n\t<meta name=\"twitter:data1\" content=\"1\u00a0Minute\" \/>\n<script type=\"application\/ld+json\" class=\"yoast-schema-graph\">{\"@context\":\"https:\/\/schema.org\",\"@graph\":[{\"@type\":\"WebPage\",\"@id\":\"https:\/\/landgutgirtenmuehle.de\/de\/bewertungen\/\",\"url\":\"https:\/\/landgutgirtenmuehle.de\/de\/bewertungen\/\",\"name\":\"Bewertungen - Landgut Girtenm\u00fchle\",\"isPartOf\":{\"@id\":\"https:\/\/landgutgirtenmuehle.de\/de\/#website\"},\"datePublished\":\"2020-04-11T13:04:13+00:00\",\"dateModified\":\"2023-09-21T14:27:20+00:00\",\"breadcrumb\":{\"@id\":\"https:\/\/landgutgirtenmuehle.de\/de\/bewertungen\/#breadcrumb\"},\"inLanguage\":\"de\",\"potentialAction\":[{\"@type\":\"ReadAction\",\"target\":[\"https:\/\/landgutgirtenmuehle.de\/de\/bewertungen\/\"]}]},{\"@type\":\"BreadcrumbList\",\"@id\":\"https:\/\/landgutgirtenmuehle.de\/de\/bewertungen\/#breadcrumb\",\"itemListElement\":[{\"@type\":\"ListItem\",\"position\":1,\"name\":\"Home\",\"item\":\"https:\/\/landgutgirtenmuehle.de\/de\/\"},{\"@type\":\"ListItem\",\"position\":2,\"name\":\"Bewertungen\"}]},{\"@type\":\"WebSite\",\"@id\":\"https:\/\/landgutgirtenmuehle.de\/de\/#website\",\"url\":\"https:\/\/landgutgirtenmuehle.de\/de\/\",\"name\":\"Landgut Girtenm\u00fchle\",\"description\":\"Camping &amp; Glamping\",\"publisher\":{\"@id\":\"https:\/\/landgutgirtenmuehle.de\/de\/#organization\"},\"potentialAction\":[{\"@type\":\"SearchAction\",\"target\":{\"@type\":\"EntryPoint\",\"urlTemplate\":\"https:\/\/landgutgirtenmuehle.de\/de\/?s={search_term_string}\"},\"query-input\":{\"@type\":\"PropertyValueSpecification\",\"valueRequired\":true,\"valueName\":\"search_term_string\"}}],\"inLanguage\":\"de\"},{\"@type\":\"Organization\",\"@id\":\"https:\/\/landgutgirtenmuehle.de\/de\/#organization\",\"name\":\"Landgut Girtenm\u00fchle\",\"url\":\"https:\/\/landgutgirtenmuehle.de\/de\/\",\"logo\":{\"@type\":\"ImageObject\",\"inLanguage\":\"de\",\"@id\":\"https:\/\/landgutgirtenmuehle.de\/de\/#\/schema\/logo\/image\/\",\"url\":\"https:\/\/landgutgirtenmuehle.de\/wp-content\/uploads\/2020\/05\/cropped-Logo_transparant_GM-1.png\",\"contentUrl\":\"https:\/\/landgutgirtenmuehle.de\/wp-content\/uploads\/2020\/05\/cropped-Logo_transparant_GM-1.png\",\"width\":2979,\"height\":3480,\"caption\":\"Landgut Girtenm\u00fchle\"},\"image\":{\"@id\":\"https:\/\/landgutgirtenmuehle.de\/de\/#\/schema\/logo\/image\/\"},\"sameAs\":[\"https:\/\/www.facebook.com\/landgutgirtenmuhle\",\"https:\/\/www.youtube.com\/channel\/UCu-9i8h2V4CuwfmJiD1c2MA\",\"https:\/\/www.instagram.com\/girtenmuhle\"]}]}<\/script>\n<!-- \/ Yoast SEO plugin. -->","yoast_head_json":{"title":"Bewertungen - Landgut Girtenm\u00fchle","robots":{"index":"index","follow":"follow","max-snippet":"max-snippet:-1","max-image-preview":"max-image-preview:large","max-video-preview":"max-video-preview:-1"},"canonical":"https:\/\/landgutgirtenmuehle.de\/de\/bewertungen\/","og_locale":"de_DE","og_type":"article","og_title":"Bewertungen - Landgut Girtenm\u00fchle","og_description":"[vc_row full_width=&#8220;stretch_row_content_no_spaces&#8220; css_animation=&#8220;none&#8220; hide_bg_image_on_tablet=&#8220;&#8220; hide_bg_image_on_mobile=&#8220;&#8220;][vc_column icons_position=&#8220;left&#8220;][vc_empty_space height=&#8220;5.2vw&#8220; alter_height=&#8220;none&#8220; hide_on_desktop=&#8220;&#8220; hide_on_notebook=&#8220;&#8220; hide_on_tablet=&#8220;&#8220; hide_on_mobile=&#8220;&#8220;][vc_empty_space height=&#8220;5.2vw&#8220; alter_height=&#8220;none&#8220; hide_on_desktop=&#8220;&#8220; hide_on_notebook=&#8220;&#8220; hide_on_tablet=&#8220;&#8220; hide_on_mobile=&#8220;&#8220;][\/vc_column][\/vc_row][vc_row full_width=&#8220;stretch_row&#8220; hide_bg_image_on_tablet=&#8220;&#8220; hide_bg_image_on_mobile=&#8220;&#8220; css=&#8220;.vc_custom_1586527636612{background-image: url(https:\/\/landgutgirtenmuehle.de\/wp-content\/uploads\/2020\/04\/forest.jpg?id=1402) !important;background-position: center !important;background-repeat: no-repeat !important;background-size: cover !important;}&#8220;][vc_column icons_position=&#8220;left&#8220;][vc_empty_space height=&#8220;10.8vw&#8220; alter_height=&#8220;none&#8220; hide_on_desktop=&#8220;&#8220; hide_on_notebook=&#8220;&#8220; hide_on_tablet=&#8220;&#8220; hide_on_mobile=&#8220;&#8220;][vc_empty_space height=&#8220;9vw&#8220; alter_height=&#8220;none&#8220; hide_on_desktop=&#8220;&#8220; hide_on_notebook=&#8220;&#8220; hide_on_tablet=&#8220;&#8220; hide_on_mobile=&#8220;&#8220;][\/vc_column][\/vc_row]","og_url":"https:\/\/landgutgirtenmuehle.de\/de\/bewertungen\/","og_site_name":"Landgut Girtenm\u00fchle","article_publisher":"https:\/\/www.facebook.com\/landgutgirtenmuhle","article_modified_time":"2023-09-21T14:27:20+00:00","twitter_card":"summary_large_image","twitter_misc":{"Gesch\u00e4tzte Lesezeit":"1\u00a0Minute"},"schema":{"@context":"https:\/\/schema.org","@graph":[{"@type":"WebPage","@id":"https:\/\/landgutgirtenmuehle.de\/de\/bewertungen\/","url":"https:\/\/landgutgirtenmuehle.de\/de\/bewertungen\/","name":"Bewertungen - Landgut Girtenm\u00fchle","isPartOf":{"@id":"https:\/\/landgutgirtenmuehle.de\/de\/#website"},"datePublished":"2020-04-11T13:04:13+00:00","dateModified":"2023-09-21T14:27:20+00:00","breadcrumb":{"@id":"https:\/\/landgutgirtenmuehle.de\/de\/bewertungen\/#breadcrumb"},"inLanguage":"de","potentialAction":[{"@type":"ReadAction","target":["https:\/\/landgutgirtenmuehle.de\/de\/bewertungen\/"]}]},{"@type":"BreadcrumbList","@id":"https:\/\/landgutgirtenmuehle.de\/de\/bewertungen\/#breadcrumb","itemListElement":[{"@type":"ListItem","position":1,"name":"Home","item":"https:\/\/landgutgirtenmuehle.de\/de\/"},{"@type":"ListItem","position":2,"name":"Bewertungen"}]},{"@type":"WebSite","@id":"https:\/\/landgutgirtenmuehle.de\/de\/#website","url":"https:\/\/landgutgirtenmuehle.de\/de\/","name":"Landgut Girtenm\u00fchle","description":"Camping &amp; Glamping","publisher":{"@id":"https:\/\/landgutgirtenmuehle.de\/de\/#organization"},"potentialAction":[{"@type":"SearchAction","target":{"@type":"EntryPoint","urlTemplate":"https:\/\/landgutgirtenmuehle.de\/de\/?s={search_term_string}"},"query-input":{"@type":"PropertyValueSpecification","valueRequired":true,"valueName":"search_term_string"}}],"inLanguage":"de"},{"@type":"Organization","@id":"https:\/\/landgutgirtenmuehle.de\/de\/#organization","name":"Landgut Girtenm\u00fchle","url":"https:\/\/landgutgirtenmuehle.de\/de\/","logo":{"@type":"ImageObject","inLanguage":"de","@id":"https:\/\/landgutgirtenmuehle.de\/de\/#\/schema\/logo\/image\/","url":"https:\/\/landgutgirtenmuehle.de\/wp-content\/uploads\/2020\/05\/cropped-Logo_transparant_GM-1.png","contentUrl":"https:\/\/landgutgirtenmuehle.de\/wp-content\/uploads\/2020\/05\/cropped-Logo_transparant_GM-1.png","width":2979,"height":3480,"caption":"Landgut Girtenm\u00fchle"},"image":{"@id":"https:\/\/landgutgirtenmuehle.de\/de\/#\/schema\/logo\/image\/"},"sameAs":["https:\/\/www.facebook.com\/landgutgirtenmuhle","https:\/\/www.youtube.com\/channel\/UCu-9i8h2V4CuwfmJiD1c2MA","https:\/\/www.instagram.com\/girtenmuhle"]}]}},"_links":{"self":[{"href":"https:\/\/landgutgirtenmuehle.de\/de\/wp-json\/wp\/v2\/pages\/1453","targetHints":{"allow":["GET"]}}],"collection":[{"href":"https:\/\/landgutgirtenmuehle.de\/de\/wp-json\/wp\/v2\/pages"}],"about":[{"href":"https:\/\/landgutgirtenmuehle.de\/de\/wp-json\/wp\/v2\/types\/page"}],"author":[{"embeddable":true,"href":"https:\/\/landgutgirtenmuehle.de\/de\/wp-json\/wp\/v2\/users\/990042"}],"replies":[{"embeddable":true,"href":"https:\/\/landgutgirtenmuehle.de\/de\/wp-json\/wp\/v2\/comments?post=1453"}],"version-history":[{"count":9,"href":"https:\/\/landgutgirtenmuehle.de\/de\/wp-json\/wp\/v2\/pages\/1453\/revisions"}],"predecessor-version":[{"id":3509,"href":"https:\/\/landgutgirtenmuehle.de\/de\/wp-json\/wp\/v2\/pages\/1453\/revisions\/3509"}],"wp:attachment":[{"href":"https:\/\/landgutgirtenmuehle.de\/de\/wp-json\/wp\/v2\/media?parent=1453"}],"curies":[{"name":"wp","href":"https:\/\/api.w.org\/{rel}","templated":true}]}}